{"id":106,"date":"2014-07-03T06:44:33","date_gmt":"2014-07-03T06:44:33","guid":{"rendered":"http:\/\/rasti-hyry.net\/wordpress\/?page_id=106"},"modified":"2014-07-03T07:06:26","modified_gmt":"2014-07-03T07:06:26","slug":"kevatkokous-2011","status":"publish","type":"page","link":"http:\/\/rasti-hyry.net\/wordpress\/?page_id=106","title":{"rendered":"Kev\u00e4tkokous 2011"},"content":{"rendered":"<p><span style=\"color: #3a453b;\">Asia:\u00a0\u00a0\u00a0\u00a0\u00a0\u00a0\u00a0\u00a0\u00a0\u00a0\u00a0\u00a0\u00a0 Rasti-Hyryn kev\u00e4tkokous<\/span><\/p>\n<p style=\"color: #3a453b;\">Paikka:\u00a0\u00a0\u00a0\u00a0\u00a0\u00a0\u00a0\u00a0\u00a0 Hyrynsalmen kunnantalo<\/p>\n<p style=\"color: #3a453b;\">Aika:\u00a0\u00a0\u00a0\u00a0\u00a0\u00a0\u00a0\u00a0\u00a0\u00a0\u00a0\u00a0 la 30.4.2011<\/p>\n<p style=\"color: #3a453b;\">KOKOUSP\u00d6YT\u00c4KIRJA<\/p>\n<p style=\"color: #3a453b;\">1. Puheenjohtaja Petteri Niskanen avasi kokouksen klo 14.00<\/p>\n<p style=\"color: #3a453b;\">2. Valittiin kokouksen toimihenkil\u00f6t<\/p>\n<p style=\"color: #3a453b;\">&#8211; pj. Petteri Niskanen<\/p>\n<p style=\"color: #3a453b;\">&#8211; siht. Juha Partanen<\/p>\n<p style=\"color: #3a453b;\">&#8211; p\u00f6yt\u00e4kirjan tarkastajat Tuula Partanen ja Reeta-Maria Partanen<\/p>\n<p style=\"color: #3a453b;\">&#8211; \u00e4\u00e4ntenlaskijat Tuula Partanen ja Reeta-Maria Partanen<\/p>\n<p style=\"color: #3a453b;\">3. L\u00e4sn\u00e4 kokouksessa 8 seuran j\u00e4sent\u00e4, osallistujaluettelo liitteen\u00e4<\/p>\n<p style=\"color: #3a453b;\">4. Todettiin kokous lailliseksi ja p\u00e4\u00e4t\u00e4nt\u00e4valtaiseksi<\/p>\n<p style=\"color: #3a453b;\">5. Puheenjohtaja Petteri Niskanen esitteli vuoden 2010 toimintakertomuksen ja tilinp\u00e4\u00e4t\u00f6ksen.<\/p>\n<p style=\"color: #3a453b;\">Toimintakertomus hyv\u00e4ksyttiin ja tilinp\u00e4\u00e4t\u00f6s vahvistettiin<\/p>\n<p style=\"color: #3a453b;\">6. Rasti-Hyryn johtokunnalle my\u00f6nnettiin tili- ja vastuuvapaus vuodelta 2010<\/p>\n<p style=\"color: #3a453b;\">7. Muita asioita ei ollut<\/p>\n<p><span style=\"color: #3a453b;\">8. Puheenjohtaja p\u00e4\u00e4tti kokouksen klo 14.20<\/span><\/p>\n","protected":false},"excerpt":{"rendered":"<p>Asia:\u00a0\u00a0\u00a0\u00a0\u00a0\u00a0\u00a0\u00a0\u00a0\u00a0\u00a0\u00a0\u00a0 Rasti-Hyryn kev\u00e4tkokous Paikka:\u00a0\u00a0\u00a0\u00a0\u00a0\u00a0\u00a0\u00a0\u00a0 Hyrynsalmen kunnantalo Aika:\u00a0\u00a0\u00a0\u00a0\u00a0\u00a0\u00a0\u00a0\u00a0\u00a0\u00a0\u00a0 la 30.4.2011 KOKOUSP\u00d6YT\u00c4KIRJA 1. Puheenjohtaja Petteri Niskanen avasi kokouksen klo 14.00 2. Valittiin kokouksen toimihenkil\u00f6t &#8211; pj. Petteri Niskanen &#8211; siht. Juha Partanen &#8211; p\u00f6yt\u00e4kirjan tarkastajat Tuula Partanen ja Reeta-Maria Partanen &#8211; \u00e4\u00e4ntenlaskijat&hellip; <\/p>\n","protected":false},"author":1,"featured_media":0,"parent":12,"menu_order":2,"comment_status":"closed","ping_status":"closed","template":"","meta":{"footnotes":""},"class_list":["post-106","page","type-page","status-publish","hentry"],"_links":{"self":[{"href":"http:\/\/rasti-hyry.net\/wordpress\/index.php?rest_route=\/wp\/v2\/pages\/106","targetHints":{"allow":["GET"]}}],"collection":[{"href":"http:\/\/rasti-hyry.net\/wordpress\/index.php?rest_route=\/wp\/v2\/pages"}],"about":[{"href":"http:\/\/rasti-hyry.net\/wordpress\/index.php?rest_route=\/wp\/v2\/types\/page"}],"author":[{"embeddable":true,"href":"http:\/\/rasti-hyry.net\/wordpress\/index.php?rest_route=\/wp\/v2\/users\/1"}],"replies":[{"embeddable":true,"href":"http:\/\/rasti-hyry.net\/wordpress\/index.php?rest_route=%2Fwp%2Fv2%2Fcomments&post=106"}],"version-history":[{"count":4,"href":"http:\/\/rasti-hyry.net\/wordpress\/index.php?rest_route=\/wp\/v2\/pages\/106\/revisions"}],"predecessor-version":[{"id":141,"href":"http:\/\/rasti-hyry.net\/wordpress\/index.php?rest_route=\/wp\/v2\/pages\/106\/revisions\/141"}],"up":[{"embeddable":true,"href":"http:\/\/rasti-hyry.net\/wordpress\/index.php?rest_route=\/wp\/v2\/pages\/12"}],"wp:attachment":[{"href":"http:\/\/rasti-hyry.net\/wordpress\/index.php?rest_route=%2Fwp%2Fv2%2Fmedia&parent=106"}],"curies":[{"name":"wp","href":"https:\/\/api.w.org\/{rel}","templated":true}]}}