{"id":108,"date":"2014-07-03T06:45:00","date_gmt":"2014-07-03T06:45:00","guid":{"rendered":"http:\/\/rasti-hyry.net\/wordpress\/?page_id=108"},"modified":"2014-07-03T07:05:29","modified_gmt":"2014-07-03T07:05:29","slug":"syyskokous-2010","status":"publish","type":"page","link":"http:\/\/rasti-hyry.net\/wordpress\/?page_id=108","title":{"rendered":"Syyskokous 2010"},"content":{"rendered":"<p style=\"color: #3a453b;\">Rasti-Hyry ry<br \/>\nHyrynsalmi<\/p>\n<p style=\"color: #3a453b;\">Asia:\u00a0Rasti-Hyryn syyskokous<br \/>\nPaikka:\u00a0Ukkohalla<br \/>\nAika:\u00a0ti 28.12.2010<\/p>\n<p style=\"color: #3a453b;\">\nKOKOUSP\u00d6YT\u00c4KIRJA<\/p>\n<p style=\"color: #3a453b;\">1. Puheenjohtaja Eero Juntunen avasi kokouksen klo 18.30<\/p>\n<p style=\"color: #3a453b;\">2. Valittiin kokouksen toimihenkil\u00f6t<br \/>\n&#8211; pj. Eero Juntunen<br \/>\n&#8211; siht. Juha Partanen<br \/>\n&#8211; p\u00f6yt\u00e4kirjan tarkastajat Tuula Partanen ja Reeta-Maria Partanen<br \/>\n&#8211; \u00e4\u00e4ntenlaskijat Tuula Partanen ja Reeta-Maria Partanen<\/p>\n<p style=\"color: #3a453b;\">3. L\u00e4sn\u00e4 kokouksessa 16 seuran j\u00e4sent\u00e4, osallistujaluettelo liitteen\u00e4<\/p>\n<p style=\"color: #3a453b;\">4. Todettiin kokous lailliseksi ja p\u00e4\u00e4t\u00e4nt\u00e4valtaiseksi<\/p>\n<p style=\"color: #3a453b;\">5. P\u00e4\u00e4tettiin, ett\u00e4 seuran urheilumuodot tulevana vuonna ovat suunnistus eri muodoissa.<\/p>\n<p style=\"color: #3a453b;\">6. Pj. Eero Juntunen esitteli tulevan kauden toimintasuunniteleman ja talousarvion, jotka<br \/>\nhyv\u00e4ksyttiin esitettyin\u00e4. Toimintasuunnitelma ja talousarvio liittein\u00e4 1 ja 2.<\/p>\n<p style=\"color: #3a453b;\">7. Uudeksi puheenjohtajaksi valitiin Petteri Niskanen.<\/p>\n<p>8. Johtokunnan erovuoroista j\u00e4senist\u00e4 Juha Partanen ja Veli-Matti L\u00e4hdesm\u00e4ki valittiin<br \/>\nuudelleen. Tuija Jurvakaisen tilalle valittiin Tuula Partanen.<\/p>\n<p style=\"color: #3a453b;\">9. Toiminnantarkastajiksi valittiin Raija-Liisa Heikkinen ja Tiina Malm ja<br \/>\nvaratoiminnantarkastajiksi Teija Karppinen ja Tuula Kivij\u00e4rvi.<\/p>\n<p style=\"color: #3a453b;\">10. J\u00e4senmaksuksi 2010 vahvistettiin perhe 20\u20ac, aikuinen 10\u20ac ja alle 16-vuotias 5\u20ac<\/p>\n<p style=\"color: #3a453b;\">11. P\u00e4\u00e4tettiin, ett\u00e4 johtokunta valitsee edustajat virallisiin kokouksiin keskuudestaan.<\/p>\n<p style=\"color: #3a453b;\">12. Muut asiat:<br \/>\n&#8211; p\u00e4\u00e4tettiin, ett\u00e4 seura korvaa j\u00e4senilleen seura-asujen lis\u00e4tilauksesta 40 \u20ac kertakorvauksena<br \/>\n&#8211; p\u00e4\u00e4tettiin valita Eero Juntunen edustamaan seuraa Kainuun Suunnistukseen<br \/>\n&#8211; palkittiin kauden 2010 parhaimpia:<br \/>\nKallen Cup:Janne M\u00e4\u00e4tt\u00e4<br \/>\nseuran paras juniori: Anni Partanen<br \/>\nvuoden hiihtosuunnistaja: Juha-Pekka Ker\u00e4nen<br \/>\nseuran paras suunnistaja: Juha Partanen<\/p>\n<p style=\"color: #3a453b;\">12. Puheenjohtaja p\u00e4\u00e4tti kokouksen klo 19.20.<\/p>\n","protected":false},"excerpt":{"rendered":"<p>Rasti-Hyry ry Hyrynsalmi Asia:\u00a0Rasti-Hyryn syyskokous Paikka:\u00a0Ukkohalla Aika:\u00a0ti 28.12.2010 KOKOUSP\u00d6YT\u00c4KIRJA 1. Puheenjohtaja Eero Juntunen avasi kokouksen klo 18.30 2. Valittiin kokouksen toimihenkil\u00f6t &#8211; pj. Eero Juntunen &#8211; siht. Juha Partanen &#8211; p\u00f6yt\u00e4kirjan tarkastajat Tuula Partanen ja Reeta-Maria Partanen &#8211; \u00e4\u00e4ntenlaskijat Tuula&hellip; <\/p>\n","protected":false},"author":1,"featured_media":0,"parent":12,"menu_order":3,"comment_status":"closed","ping_status":"closed","template":"","meta":{"footnotes":""},"class_list":["post-108","page","type-page","status-publish","hentry"],"_links":{"self":[{"href":"http:\/\/rasti-hyry.net\/wordpress\/index.php?rest_route=\/wp\/v2\/pages\/108","targetHints":{"allow":["GET"]}}],"collection":[{"href":"http:\/\/rasti-hyry.net\/wordpress\/index.php?rest_route=\/wp\/v2\/pages"}],"about":[{"href":"http:\/\/rasti-hyry.net\/wordpress\/index.php?rest_route=\/wp\/v2\/types\/page"}],"author":[{"embeddable":true,"href":"http:\/\/rasti-hyry.net\/wordpress\/index.php?rest_route=\/wp\/v2\/users\/1"}],"replies":[{"embeddable":true,"href":"http:\/\/rasti-hyry.net\/wordpress\/index.php?rest_route=%2Fwp%2Fv2%2Fcomments&post=108"}],"version-history":[{"count":4,"href":"http:\/\/rasti-hyry.net\/wordpress\/index.php?rest_route=\/wp\/v2\/pages\/108\/revisions"}],"predecessor-version":[{"id":140,"href":"http:\/\/rasti-hyry.net\/wordpress\/index.php?rest_route=\/wp\/v2\/pages\/108\/revisions\/140"}],"up":[{"embeddable":true,"href":"http:\/\/rasti-hyry.net\/wordpress\/index.php?rest_route=\/wp\/v2\/pages\/12"}],"wp:attachment":[{"href":"http:\/\/rasti-hyry.net\/wordpress\/index.php?rest_route=%2Fwp%2Fv2%2Fmedia&parent=108"}],"curies":[{"name":"wp","href":"https:\/\/api.w.org\/{rel}","templated":true}]}}