{"id":112,"date":"2014-07-03T06:46:05","date_gmt":"2014-07-03T06:46:05","guid":{"rendered":"http:\/\/rasti-hyry.net\/wordpress\/?page_id=112"},"modified":"2014-07-03T07:18:08","modified_gmt":"2014-07-03T07:18:08","slug":"kevatkokous-2009","status":"publish","type":"page","link":"http:\/\/rasti-hyry.net\/wordpress\/?page_id=112","title":{"rendered":"Kev\u00e4tkokous 2009"},"content":{"rendered":"<p><span style=\"color: #3a453b;\">Rasti-Hyry ry\u00a0\u00a0\u00a0 \u00a0\u00a0\u00a0\u00a0<\/span><br style=\"color: #3a453b;\" \/><span style=\"color: #3a453b;\">Hyrynsalmi\u00a0\u00a0\u00a0 \u00a0\u00a0\u00a0 \u00a0\u00a0\u00a0\u00a0<\/span><br style=\"color: #3a453b;\" \/><br style=\"color: #3a453b;\" \/><span style=\"color: #3a453b;\">Asia:\u00a0\u00a0\u00a0 Rasti-Hyryn kev\u00e4tkokous<\/span><br style=\"color: #3a453b;\" \/><span style=\"color: #3a453b;\">Paikka:\u00a0\u00a0\u00a0 Hyrynsalmen kunnan virastotalo<\/span><br style=\"color: #3a453b;\" \/><span style=\"color: #3a453b;\">Aika:\u00a0\u00a0\u00a0 la 18.4.2009<\/span><br style=\"color: #3a453b;\" \/><br style=\"color: #3a453b;\" \/><span style=\"color: #3a453b;\">KOKOUSP\u00d6YT\u00c4KIRJA<\/span><br style=\"color: #3a453b;\" \/><br style=\"color: #3a453b;\" \/><span style=\"color: #3a453b;\">1. Puheenjohtaja Eero Juntunen avasi kokouksen klo 16.30<\/span><br style=\"color: #3a453b;\" \/><br style=\"color: #3a453b;\" \/><span style=\"color: #3a453b;\">2. Valittiin kokouksen toimihenkil\u00f6t<\/span><br style=\"color: #3a453b;\" \/><span style=\"color: #3a453b;\">&#8211; pj. Eero Juntunen<\/span><br style=\"color: #3a453b;\" \/><span style=\"color: #3a453b;\">&#8211; siht. Juha Partanen<\/span><br style=\"color: #3a453b;\" \/><span style=\"color: #3a453b;\">&#8211; p\u00f6yt\u00e4kirjan tarkastajat Timo Partanen ja Esa Romppainen<\/span><br style=\"color: #3a453b;\" \/><span style=\"color: #3a453b;\">&#8211; \u00e4\u00e4ntenlaskijat Timo Partanen ja Esa Romppainen<\/span><br style=\"color: #3a453b;\" \/><br style=\"color: #3a453b;\" \/><span style=\"color: #3a453b;\">3. L\u00e4sn\u00e4 kokouksessa 9 seuran j\u00e4sent\u00e4, osallistujaluettelo liitteen\u00e4<\/span><br style=\"color: #3a453b;\" \/><br style=\"color: #3a453b;\" \/><span style=\"color: #3a453b;\">4. Todettiin kokous lailliseksi ja p\u00e4\u00e4t\u00e4nt\u00e4valtaiseksi<\/span><br style=\"color: #3a453b;\" \/><br style=\"color: #3a453b;\" \/><span style=\"color: #3a453b;\">5. Sihteeri Juha Partanen esitteli vuoden 2008 toimintakertomuksen ja tilinp\u00e4\u00e4t\u00f6ksen.\u00a0\u00a0<\/span><br style=\"color: #3a453b;\" \/><span style=\"color: #3a453b;\">Toimintakertomus hyv\u00e4ksyttiin ja tilinp\u00e4\u00e4t\u00f6s vahvistettiin<\/span><br style=\"color: #3a453b;\" \/><br style=\"color: #3a453b;\" \/><span style=\"color: #3a453b;\">6. Rasti-Hyryn johtokunnalle my\u00f6nnettiin tili- ja vastuuvapaus vuodelta 2006<\/span><br style=\"color: #3a453b;\" \/><br style=\"color: #3a453b;\" \/><span style=\"color: #3a453b;\">7. Johtokunnan tai j\u00e4senten esitt\u00e4mi\u00e4 muita asioita ei ollut<\/span><br style=\"color: #3a453b;\" \/><br style=\"color: #3a453b;\" \/><span style=\"color: #3a453b;\">8. Puheenjohtaja p\u00e4\u00e4tti kokouksen klo 16.50<\/span><\/p>\n","protected":false},"excerpt":{"rendered":"<p>Rasti-Hyry ry\u00a0\u00a0\u00a0 \u00a0\u00a0\u00a0\u00a0Hyrynsalmi\u00a0\u00a0\u00a0 \u00a0\u00a0\u00a0 \u00a0\u00a0\u00a0\u00a0Asia:\u00a0\u00a0\u00a0 Rasti-Hyryn kev\u00e4tkokousPaikka:\u00a0\u00a0\u00a0 Hyrynsalmen kunnan virastotaloAika:\u00a0\u00a0\u00a0 la 18.4.2009KOKOUSP\u00d6YT\u00c4KIRJA1. Puheenjohtaja Eero Juntunen avasi kokouksen klo 16.302. Valittiin kokouksen toimihenkil\u00f6t&#8211; pj. Eero Juntunen&#8211; siht. Juha Partanen&#8211; p\u00f6yt\u00e4kirjan tarkastajat Timo Partanen ja Esa Romppainen&#8211; \u00e4\u00e4ntenlaskijat Timo Partanen ja Esa&hellip; <\/p>\n","protected":false},"author":1,"featured_media":0,"parent":12,"menu_order":5,"comment_status":"closed","ping_status":"closed","template":"","meta":{"footnotes":""},"class_list":["post-112","page","type-page","status-publish","hentry"],"_links":{"self":[{"href":"http:\/\/rasti-hyry.net\/wordpress\/index.php?rest_route=\/wp\/v2\/pages\/112","targetHints":{"allow":["GET"]}}],"collection":[{"href":"http:\/\/rasti-hyry.net\/wordpress\/index.php?rest_route=\/wp\/v2\/pages"}],"about":[{"href":"http:\/\/rasti-hyry.net\/wordpress\/index.php?rest_route=\/wp\/v2\/types\/page"}],"author":[{"embeddable":true,"href":"http:\/\/rasti-hyry.net\/wordpress\/index.php?rest_route=\/wp\/v2\/users\/1"}],"replies":[{"embeddable":true,"href":"http:\/\/rasti-hyry.net\/wordpress\/index.php?rest_route=%2Fwp%2Fv2%2Fcomments&post=112"}],"version-history":[{"count":4,"href":"http:\/\/rasti-hyry.net\/wordpress\/index.php?rest_route=\/wp\/v2\/pages\/112\/revisions"}],"predecessor-version":[{"id":145,"href":"http:\/\/rasti-hyry.net\/wordpress\/index.php?rest_route=\/wp\/v2\/pages\/112\/revisions\/145"}],"up":[{"embeddable":true,"href":"http:\/\/rasti-hyry.net\/wordpress\/index.php?rest_route=\/wp\/v2\/pages\/12"}],"wp:attachment":[{"href":"http:\/\/rasti-hyry.net\/wordpress\/index.php?rest_route=%2Fwp%2Fv2%2Fmedia&parent=112"}],"curies":[{"name":"wp","href":"https:\/\/api.w.org\/{rel}","templated":true}]}}