{"id":114,"date":"2014-07-03T06:49:00","date_gmt":"2014-07-03T06:49:00","guid":{"rendered":"http:\/\/rasti-hyry.net\/wordpress\/?page_id=114"},"modified":"2014-07-03T07:19:21","modified_gmt":"2014-07-03T07:19:21","slug":"toimintasuunnitelma-vuodelle-2009","status":"publish","type":"page","link":"http:\/\/rasti-hyry.net\/wordpress\/?page_id=114","title":{"rendered":"Toimintasuunnitelma vuodelle 2009"},"content":{"rendered":"<p class=\"td_ajankohtaista_korostus2\" style=\"color: #3a453b;\"><strong>Yleist\u00e4<\/strong><br \/>\nVuosi 2009 on kisaj\u00e4rjestelyiden osalta \u201dhengenvetovuosi\u201d. Edellisen vuoden Kainuun rastiviikon j\u00e4rjestely oli todella suuri hanke, joka onnistui erinomaisesti. Siit\u00e4 kiitos seurav\u00e4elle ja lukuisalle talkoojoukolle \u2013 Hyrynsalmella talkooperinne voi edelleen hyvin. Kes\u00e4ll\u00e4 2008 j\u00e4rjestettiin Hyrynsalmella suunnistuksen alkeiskurssi, jossa oli yhteens\u00e4 39 osallistujaa. Alkeiskurssilaisille ja muillekin kiinnostuneille seuramme j\u00e4rjest\u00e4\u00e4 talven 08 \u201309 aikana ohjattua liikuntasalitoimintaa ja kes\u00e4ll\u00e4 taas suunnistusta kurssin ja iltarastien muodossa. Ensi kes\u00e4n\u00e4 seura j\u00e4rjest\u00e4\u00e4 kilpailumatkan ulkomaiselle rastiviikolle, joka todenn\u00e4k\u00f6isesti on Italian kuusip\u00e4iv\u00e4inen suunnistusviikko.<\/p>\n<p><strong>VARSINAINEN TOIMINTA<\/strong><\/p>\n<p>Koulutus ja valmennus<br \/>\nKev\u00e4\u00e4ll\u00e4 jatketaan Hyrynsalmella suunnistuskurssia, johon ovat tervetulleita my\u00f6s uudet lajin harrastajat. Samalla vied\u00e4\u00e4n l\u00e4pi seuraohjaajan koulutusta, jotta mukaan saataisiin lis\u00e4\u00e4 toiminnassa tarvittavia vet\u00e4ji\u00e4. Lis\u00e4ksi iltarastitoiminta pyrit\u00e4\u00e4n saamaan s\u00e4\u00e4nn\u00f6lliseksi. Ratamestarikoulutusta j\u00e4rjestet\u00e4\u00e4n seurassa tarpeen mukaan.<\/p>\n<p>Testijuoksuja j\u00e4rjestet\u00e4\u00e4n entiseen tapaan ja seuran yhteisleirej\u00e4 j\u00e4rjestet\u00e4\u00e4n edelleen tarpeen mukaan. Lis\u00e4ksi seuran junioreita osallistuu Kainuun Suunnistus ry:n j\u00e4rjest\u00e4m\u00e4lle kev\u00e4tleirille huhti &#8211; toukokuussa. Nuorimmille suunnistajille tarjotaan mahdollisuutta osallistua Kainuussa j\u00e4rjestett\u00e4v\u00e4lle lasten suunnistusleirille. Kouluille voidaan tarvittaessa antaa asiantuntija-apua suunnistusharjoitteiden laatimiseen.<\/p>\n<p>Kilpailutoiminta<br \/>\nSM-kisoissa pyrit\u00e4\u00e4n muutaman v\u00e4livuoden j\u00e4lkeen palaamaan mitalikantaan sek\u00e4 henkil\u00f6kohtaisissa kilpailuissa ett\u00e4 viesteiss\u00e4. Jukolan- ja Venlojen viestiin osallistutaan kahdella mies- ja kahdella naisjoukkueella ja aluemestaruuskilpailujen osanottoa pyrit\u00e4\u00e4n aktivoimaan. Italian rastiviikolle pyrit\u00e4\u00e4n saamaan seurastamme runsas osanotto aiempien Norjan ja Sveitsin rastiviikkojen tapaan. Itse j\u00e4rjest\u00e4mme yhden aluemestaruussuunnistuksen syksyll\u00e4. Seuran mestaruus ratkaistaan perinteisesti Kallen Cupissa.<\/p>\n<p>Tiedottaminen<br \/>\nTiedottaminen tapahtuu p\u00e4\u00e4asiassa s\u00e4hk\u00f6postilla ja seuran omilla www-sivuilla (www.rasti-hyry.net). Harjoituksien yms. tapahtumien ilmoittamisesta vastaa tapahtuman vet\u00e4j\u00e4.<\/p>\n<p>Liikuntapaikat<br \/>\n\u2022 Ukkohallan alueesta k\u00e4yt\u00f6ss\u00e4 5 karttaa (uusittu KRV:lle)<br \/>\n\u2022 Vonkan alueesta puistosuunnistuskartta v. 2000<br \/>\n\u2022 Konivaaran SM-kartta (2001)<br \/>\n\u2022 Rasti-Hyryn iltarasteja varten olemassa viel\u00e4 k\u00e4ytt\u00f6kelpoisia vanhempia karttoja<br \/>\nTavoitteena on saada Hyrynsalmen kouluille ajantasaistetut suunnistuskartat opetusk\u00e4ytt\u00f6\u00f6n yhteisty\u00f6ss\u00e4 kunnan kanssa. T\u00e4h\u00e4n on mahdollista saada tukea my\u00f6s suunnistusliiton \u201d\u00f3le kartalla\u201d \u2013projektista.<\/p>\n<p>Muu toiminta<br \/>\nVarainhankintaa varten tehd\u00e4\u00e4n sopivia talkoot\u00f6it\u00e4 ja seuran 20-vuotishistoriikin kokoamista jatketaan.<\/p>\n<p class=\"0\" style=\"color: #3a453b;\">Hyrynsalmi 10.11.2008<br \/>\nRasti-Hyryn johtokunta<\/p>\n","protected":false},"excerpt":{"rendered":"<p>Yleist\u00e4 Vuosi 2009 on kisaj\u00e4rjestelyiden osalta \u201dhengenvetovuosi\u201d. Edellisen vuoden Kainuun rastiviikon j\u00e4rjestely oli todella suuri hanke, joka onnistui erinomaisesti. Siit\u00e4 kiitos seurav\u00e4elle ja lukuisalle talkoojoukolle \u2013 Hyrynsalmella talkooperinne voi edelleen hyvin. Kes\u00e4ll\u00e4 2008 j\u00e4rjestettiin Hyrynsalmella suunnistuksen alkeiskurssi, jossa oli yhteens\u00e4&hellip; <\/p>\n","protected":false},"author":1,"featured_media":0,"parent":12,"menu_order":6,"comment_status":"closed","ping_status":"closed","template":"","meta":{"footnotes":""},"class_list":["post-114","page","type-page","status-publish","hentry"],"_links":{"self":[{"href":"http:\/\/rasti-hyry.net\/wordpress\/index.php?rest_route=\/wp\/v2\/pages\/114","targetHints":{"allow":["GET"]}}],"collection":[{"href":"http:\/\/rasti-hyry.net\/wordpress\/index.php?rest_route=\/wp\/v2\/pages"}],"about":[{"href":"http:\/\/rasti-hyry.net\/wordpress\/index.php?rest_route=\/wp\/v2\/types\/page"}],"author":[{"embeddable":true,"href":"http:\/\/rasti-hyry.net\/wordpress\/index.php?rest_route=\/wp\/v2\/users\/1"}],"replies":[{"embeddable":true,"href":"http:\/\/rasti-hyry.net\/wordpress\/index.php?rest_route=%2Fwp%2Fv2%2Fcomments&post=114"}],"version-history":[{"count":4,"href":"http:\/\/rasti-hyry.net\/wordpress\/index.php?rest_route=\/wp\/v2\/pages\/114\/revisions"}],"predecessor-version":[{"id":148,"href":"http:\/\/rasti-hyry.net\/wordpress\/index.php?rest_route=\/wp\/v2\/pages\/114\/revisions\/148"}],"up":[{"embeddable":true,"href":"http:\/\/rasti-hyry.net\/wordpress\/index.php?rest_route=\/wp\/v2\/pages\/12"}],"wp:attachment":[{"href":"http:\/\/rasti-hyry.net\/wordpress\/index.php?rest_route=%2Fwp%2Fv2%2Fmedia&parent=114"}],"curies":[{"name":"wp","href":"https:\/\/api.w.org\/{rel}","templated":true}]}}