{"id":1187,"date":"2023-05-21T19:41:25","date_gmt":"2023-05-21T16:41:25","guid":{"rendered":"http:\/\/rasti-hyry.net\/wordpress\/?page_id=1187"},"modified":"2023-05-21T19:41:25","modified_gmt":"2023-05-21T16:41:25","slug":"seuran-jasenmaksu","status":"publish","type":"page","link":"http:\/\/rasti-hyry.net\/wordpress\/?page_id=1187","title":{"rendered":"Seuran j\u00e4senmaksu"},"content":{"rendered":"\n<p>T\u00e4ss\u00e4 maksutiedot j\u00e4senmaksulle 2023:<\/p>\n\n\n\n<p>Henkil\u00f6j\u00e4sen aikuinen 10 \u20ac<\/p>\n\n\n\n<p>Henkil\u00f6j\u00e4sen alle 16-v lapsi 5 \u20ac<\/p>\n\n\n\n<p>Perhej\u00e4senyys 20 \u20ac<\/p>\n\n\n\n<p>Muista kirjoittaa kaikkien perhej\u00e4senten nimet viestikentt\u00e4\u00e4n!<\/p>\n\n\n\n<p>Maksut seuran tilille <strong>FI61 1226 3000 1003 39<\/strong><\/p>\n","protected":false},"excerpt":{"rendered":"<p>T\u00e4ss\u00e4 maksutiedot j\u00e4senmaksulle 2023: Henkil\u00f6j\u00e4sen aikuinen 10 \u20ac Henkil\u00f6j\u00e4sen alle 16-v lapsi 5 \u20ac Perhej\u00e4senyys 20 \u20ac Muista kirjoittaa kaikkien perhej\u00e4senten nimet viestikentt\u00e4\u00e4n! Maksut seuran tilille FI61 1226 3000 1003 39<\/p>\n","protected":false},"author":1,"featured_media":0,"parent":0,"menu_order":0,"comment_status":"closed","ping_status":"closed","template":"","meta":{"footnotes":""},"class_list":["post-1187","page","type-page","status-publish","hentry"],"_links":{"self":[{"href":"http:\/\/rasti-hyry.net\/wordpress\/index.php?rest_route=\/wp\/v2\/pages\/1187","targetHints":{"allow":["GET"]}}],"collection":[{"href":"http:\/\/rasti-hyry.net\/wordpress\/index.php?rest_route=\/wp\/v2\/pages"}],"about":[{"href":"http:\/\/rasti-hyry.net\/wordpress\/index.php?rest_route=\/wp\/v2\/types\/page"}],"author":[{"embeddable":true,"href":"http:\/\/rasti-hyry.net\/wordpress\/index.php?rest_route=\/wp\/v2\/users\/1"}],"replies":[{"embeddable":true,"href":"http:\/\/rasti-hyry.net\/wordpress\/index.php?rest_route=%2Fwp%2Fv2%2Fcomments&post=1187"}],"version-history":[{"count":1,"href":"http:\/\/rasti-hyry.net\/wordpress\/index.php?rest_route=\/wp\/v2\/pages\/1187\/revisions"}],"predecessor-version":[{"id":1188,"href":"http:\/\/rasti-hyry.net\/wordpress\/index.php?rest_route=\/wp\/v2\/pages\/1187\/revisions\/1188"}],"wp:attachment":[{"href":"http:\/\/rasti-hyry.net\/wordpress\/index.php?rest_route=%2Fwp%2Fv2%2Fmedia&parent=1187"}],"curies":[{"name":"wp","href":"https:\/\/api.w.org\/{rel}","templated":true}]}}