{"id":12,"date":"2014-07-03T05:51:40","date_gmt":"2014-07-03T05:51:40","guid":{"rendered":"http:\/\/rasti-hyry.net\/wordpress\/?page_id=12"},"modified":"2015-01-02T20:01:54","modified_gmt":"2015-01-02T18:01:54","slug":"kokouspoydat","status":"publish","type":"page","link":"http:\/\/rasti-hyry.net\/wordpress\/?page_id=12","title":{"rendered":"Kokousp\u00f6yt\u00e4kirjat"},"content":{"rendered":"<h2 class=\"art-PostHeaderIcon-wrapper\" style=\"font-weight: bold; color: #415e22;\"><span class=\"art-PostHeader\">Kokousp\u00f6yt\u00e4kirjat<\/span><\/h2>\n<p><a title=\"Syyskokous 2014\" href=\"http:\/\/www.rasti-hyry.net\/wordpress\/?page_id=318\">Syyskokous 2014<\/a><br \/>\n<a title=\"Syyskokous 2013\" href=\"http:\/\/rasti-hyry.net\/wordpress\/?page_id=104\"> Syyskokous 2013<\/a><br \/>\n<a title=\"Kev\u00e4tkokous 2011\" href=\"http:\/\/rasti-hyry.net\/wordpress\/?page_id=106\">Kev\u00e4tkokous 2011<\/a><br \/>\n<a title=\"Syyskokous 2010\" href=\"http:\/\/rasti-hyry.net\/wordpress\/?page_id=108\">Syyskokous 2010<\/a><br \/>\n<a title=\"Syyskokous 2009\" href=\"http:\/\/rasti-hyry.net\/wordpress\/?page_id=110\">Syyskokous 2009<\/a><br \/>\n<a title=\"Kev\u00e4tkokous 2009\" href=\"http:\/\/rasti-hyry.net\/wordpress\/?page_id=112\">Kev\u00e4tkokous 2009<\/a><br \/>\n<a title=\"Toimintasuunnitelma vuodelle 2009\" href=\"http:\/\/rasti-hyry.net\/wordpress\/?page_id=114\">Toimintasuunnitelma vuodelle 2009<\/a><br \/>\n<a title=\"Syyskokous 2008\" href=\"http:\/\/rasti-hyry.net\/wordpress\/?page_id=116\">Syyskokous 2008<\/a><br \/>\n<a title=\"Kev\u00e4tkokous 2008\" href=\"http:\/\/rasti-hyry.net\/wordpress\/?page_id=118\">Kev\u00e4tkokous 2008<\/a><br \/>\n<a title=\"Toimintasuunnitelma vuodelle 2008\" href=\"http:\/\/rasti-hyry.net\/wordpress\/?page_id=163\">Toimintasuunnitelma vuodelle 2008<\/a><br \/>\n<a title=\"Syyskokous 2007\" href=\"http:\/\/rasti-hyry.net\/wordpress\/?page_id=120\">Syyskokous 2007<\/a><br \/>\n<a title=\"Kev\u00e4tkokous 2007\" href=\"http:\/\/rasti-hyry.net\/wordpress\/?page_id=122\">Kev\u00e4tkokous 2007<\/a><br \/>\n<a title=\"Toimintasuunnitelma vuodelle 2007\" href=\"http:\/\/rasti-hyry.net\/wordpress\/?page_id=124\">Toimintasuunnitelma vuodelle 2007<\/a><br \/>\n<a title=\"Syyskokous 2006\" href=\"http:\/\/rasti-hyry.net\/wordpress\/?page_id=126\">Syyskokous 2006<\/a><\/p>\n","protected":false},"excerpt":{"rendered":"<p>Kokousp\u00f6yt\u00e4kirjat Syyskokous 2014 Syyskokous 2013 Kev\u00e4tkokous 2011 Syyskokous 2010 Syyskokous 2009 Kev\u00e4tkokous 2009 Toimintasuunnitelma vuodelle 2009 Syyskokous 2008 Kev\u00e4tkokous 2008 Toimintasuunnitelma vuodelle 2008 Syyskokous 2007 Kev\u00e4tkokous 2007 Toimintasuunnitelma vuodelle 2007 Syyskokous 2006<\/p>\n","protected":false},"author":1,"featured_media":0,"parent":0,"menu_order":4,"comment_status":"closed","ping_status":"closed","template":"","meta":{"footnotes":""},"class_list":["post-12","page","type-page","status-publish","hentry"],"_links":{"self":[{"href":"http:\/\/rasti-hyry.net\/wordpress\/index.php?rest_route=\/wp\/v2\/pages\/12","targetHints":{"allow":["GET"]}}],"collection":[{"href":"http:\/\/rasti-hyry.net\/wordpress\/index.php?rest_route=\/wp\/v2\/pages"}],"about":[{"href":"http:\/\/rasti-hyry.net\/wordpress\/index.php?rest_route=\/wp\/v2\/types\/page"}],"author":[{"embeddable":true,"href":"http:\/\/rasti-hyry.net\/wordpress\/index.php?rest_route=\/wp\/v2\/users\/1"}],"replies":[{"embeddable":true,"href":"http:\/\/rasti-hyry.net\/wordpress\/index.php?rest_route=%2Fwp%2Fv2%2Fcomments&post=12"}],"version-history":[{"count":7,"href":"http:\/\/rasti-hyry.net\/wordpress\/index.php?rest_route=\/wp\/v2\/pages\/12\/revisions"}],"predecessor-version":[{"id":336,"href":"http:\/\/rasti-hyry.net\/wordpress\/index.php?rest_route=\/wp\/v2\/pages\/12\/revisions\/336"}],"wp:attachment":[{"href":"http:\/\/rasti-hyry.net\/wordpress\/index.php?rest_route=%2Fwp%2Fv2%2Fmedia&parent=12"}],"curies":[{"name":"wp","href":"https:\/\/api.w.org\/{rel}","templated":true}]}}