{"id":120,"date":"2014-07-03T06:50:48","date_gmt":"2014-07-03T06:50:48","guid":{"rendered":"http:\/\/rasti-hyry.net\/wordpress\/?page_id=120"},"modified":"2014-07-03T07:25:49","modified_gmt":"2014-07-03T07:25:49","slug":"syyskokous-2007","status":"publish","type":"page","link":"http:\/\/rasti-hyry.net\/wordpress\/?page_id=120","title":{"rendered":"Syyskokous 2007"},"content":{"rendered":"<table style=\"color: #3a453b;\" border=\"0\" cellspacing=\"0\" cellpadding=\"0\">\n<tbody>\n<tr>\n<td class=\"td_PTK_korostus1\" valign=\"top\" width=\"30\">1.<\/td>\n<td class=\"td_PTK_korostus1\" colspan=\"2\">Puheenjohtaja Timo Partanen avasi kokouksen klo 19.30<\/td>\n<\/tr>\n<tr>\n<td class=\"td_PTK_korostus2\" valign=\"top\" width=\"30\">2.<\/td>\n<td class=\"td_PTK_korostus2\" colspan=\"2\">Valittiin kokouksen puheenjohtajaksi Timo Partanen ja sihteeriksi Juha-Pekka Ker\u00e4nen<\/td>\n<\/tr>\n<tr>\n<td class=\"td_PTK_korostus1\" valign=\"top\" width=\"30\">3.<\/td>\n<td class=\"td_PTK_korostus1\" colspan=\"2\">Valittiin kokouksen ptk. tarkastajiksi Jarmo Juntunen ja Esko Heikkinen<\/td>\n<\/tr>\n<tr>\n<td class=\"td_PTK_korostus2\" valign=\"top\" width=\"30\">4.<\/td>\n<td class=\"td_PTK_korostus2\" colspan=\"2\">Todettiin kokous lailliseksi ja p\u00e4\u00e4t\u00f6svaltaiseksi<\/td>\n<\/tr>\n<tr>\n<td class=\"td_PTK_korostus1\" valign=\"top\" width=\"30\">5.<\/td>\n<td class=\"td_PTK_korostus1\" colspan=\"2\">L\u00e4sn\u00e4 10 seuran j\u00e4sent\u00e4, osallistujaluettelo liitteen\u00e4<\/td>\n<\/tr>\n<tr>\n<td class=\"td_PTK_korostus2\" valign=\"top\" width=\"30\">6.<\/td>\n<td class=\"td_PTK_korostus2\" colspan=\"2\">Pj. Timo Partanen esitteli seuran toimintasuunnitelman, joka hyv\u00e4ksyttiin muutamin lis\u00e4yksin. Pj. Timo Partanen esitteli seuran talousarvion, joka hyv\u00e4ksyttiin. Liitteen\u00e4 toimintasuunnitelma ja talousarvio kaudelle 2008<\/td>\n<\/tr>\n<tr>\n<td class=\"td_PTK_korostus1\" valign=\"top\" width=\"30\">7.<\/td>\n<td class=\"td_PTK_korostus1\" colspan=\"2\">Johtokunnassa jatkavat vanhoina j\u00e4senin\u00e4 Esko Heikkinen, Tuija Jurvakainen ja J-P Ker\u00e4nen. Erovuoroiset j\u00e4senet Timo Partanen, Jarmo Juntunen, Esa Romppainen ja Eero Juntunen. valittiin uudelleen.<\/td>\n<\/tr>\n<tr>\n<td class=\"td_PTK_korostus2\" valign=\"top\" width=\"30\">8.<\/td>\n<td class=\"td_PTK_korostus2\" colspan=\"2\">J\u00e4senmaksuksi vuodelle 2008 vahvistettiin PERHE 20\u20ac, AIKUINEN 10 \u20ac , ALLE 16-VUOTIAAT 5 \u20ac.<\/td>\n<\/tr>\n<tr>\n<td class=\"td_PTK_korostus1\" rowspan=\"5\" valign=\"top\" width=\"30\">9.<\/td>\n<td class=\"td_PTK_korostus1\" colspan=\"2\">Osanottomaksuista ja matkakorvauksista p\u00e4\u00e4tettiin seuraavaa:<\/td>\n<\/tr>\n<tr>\n<td class=\"td_PTK_korostus1\" valign=\"top\" width=\"20\">&#8211;<\/td>\n<td class=\"td_PTK_korostus1\">seura maksaa kaikki alle 16-vuotiaiden osanottomaksut<\/td>\n<\/tr>\n<tr>\n<td class=\"td_PTK_korostus1\" valign=\"top\" width=\"20\">&#8211;<\/td>\n<td class=\"td_PTK_korostus1\">seura maksaa SM-, PSM- ja aluemestaruuskilpailuiden osanottomaksut<\/td>\n<\/tr>\n<tr>\n<td class=\"td_PTK_korostus1\" valign=\"top\" width=\"20\">&#8211;<\/td>\n<td class=\"td_PTK_korostus1\">matkakorvaukseksi SM-kilp. 10 snt. \/km + 1 snt. lis\u00e4henkil\u00f6<\/td>\n<\/tr>\n<tr>\n<td class=\"td_PTK_korostus1\" valign=\"top\" width=\"20\">&#8211;<\/td>\n<td class=\"td_PTK_korostus1\">majoituskorvaus tapauskohtaisesti, ohjeellisesti 50 %<\/td>\n<\/tr>\n<tr>\n<td class=\"td_PTK_korostus2\" valign=\"top\" width=\"30\">10.<\/td>\n<td class=\"td_PTK_korostus2\" colspan=\"2\">P\u00e4\u00e4tettiin, ett\u00e4 johtokunta valitsee seuran edustajat eri kokouksiin ja tapahtumiin tapauskohtaisesti<\/td>\n<\/tr>\n<tr>\n<td class=\"td_PTK_korostus1\" rowspan=\"5\" valign=\"top\" width=\"30\">11.<\/td>\n<td class=\"td_PTK_korostus1\" colspan=\"2\">Palkittiin seuran parhaat suunnistajat vuonna 2006<\/td>\n<\/tr>\n<tr>\n<td class=\"td_PTK_korostus1\" valign=\"top\" width=\"20\">&#8211;<\/td>\n<td class=\"td_PTK_korostus1\">seuran paras: Juha Partanen<\/td>\n<\/tr>\n<tr>\n<td class=\"td_PTK_korostus1\" valign=\"top\" width=\"20\">&#8211;<\/td>\n<td class=\"td_PTK_korostus1\">seuran paras juniori: Anni Partanen<\/td>\n<\/tr>\n<tr>\n<td class=\"td_PTK_korostus1\" valign=\"top\" width=\"20\">&#8211;<\/td>\n<td class=\"td_PTK_korostus1\">palkitut juniorit: Kia M\u00e4\u00e4tt\u00e4, Konsta M\u00e4\u00e4tt\u00e4, Sanni Heikkinen, Eveliina L\u00e4hdesm\u00e4ki, Mikko L\u00e4hdesm\u00e4ki, Antti Juntunen, Arttu Jurvakainen, Reetta-Maria Partanen ja Anni Partanen<\/td>\n<\/tr>\n<tr>\n<td class=\"td_PTK_korostus1\" valign=\"top\" width=\"20\">&#8211;<\/td>\n<td class=\"td_PTK_korostus1\">hiihtosuunnistuksen s\u00e4\u00e4lipalkinto: Tapani Ronkainen<\/td>\n<\/tr>\n<tr>\n<td class=\"td_PTK_korostus2\" rowspan=\"4\" valign=\"top\" width=\"30\">12.<\/td>\n<td class=\"td_PTK_korostus2\" colspan=\"2\">Muut asiat<\/td>\n<\/tr>\n<tr>\n<td class=\"td_PTK_korostus2\" valign=\"top\" width=\"20\">&#8211;<\/td>\n<td class=\"td_PTK_korostus2\">P\u00e4\u00e4tettiin selvitt\u00e4\u00e4 l\u00e4mmittelyasujen tilaamista ensi kes\u00e4ksi yhdess\u00e4 Kajaanin Suunnistajien kanssa.<\/td>\n<\/tr>\n<tr>\n<td class=\"td_PTK_korostus2\" valign=\"top\" width=\"20\">&#8211;<\/td>\n<td class=\"td_PTK_korostus2\">Timo Partanen esitteli kokousv\u00e4ell\u00e4 v. 2008 KRV -j\u00e4rjestelyjen t\u00e4m\u00e4n hetken tilanteen.<\/td>\n<\/tr>\n<tr>\n<td class=\"td_PTK_korostus2\" valign=\"top\" width=\"20\">&#8211;<\/td>\n<td class=\"td_PTK_korostus2\">My\u00f6nnettiin Kalle Kupin v.2008 j\u00e4rjestelyoikeudet Petri Niskaselle Haminaan.<\/td>\n<\/tr>\n<tr>\n<td class=\"td_PTK_korostus1\" valign=\"top\" width=\"30\">13.<\/td>\n<td class=\"td_PTK_korostus1\" colspan=\"2\">Puheenjohtaja p\u00e4\u00e4tti kokouksen klo 21.07<\/td>\n<\/tr>\n<\/tbody>\n<\/table>\n<p style=\"color: #3a453b;\">Hyrynsalmi 17.11.2007<\/p>\n<p>pj. Timo Partanen<br \/>\nsiht. J-P Ker\u00e4nen<br \/>\nptk. tark. Jarmo Juntunen<br \/>\nptk. tark. Esko Heikkinen<\/p>\n","protected":false},"excerpt":{"rendered":"<p>1. Puheenjohtaja Timo Partanen avasi kokouksen klo 19.30 2. Valittiin kokouksen puheenjohtajaksi Timo Partanen ja sihteeriksi Juha-Pekka Ker\u00e4nen 3. Valittiin kokouksen ptk. tarkastajiksi Jarmo Juntunen ja Esko Heikkinen 4. Todettiin kokous lailliseksi ja p\u00e4\u00e4t\u00f6svaltaiseksi 5. L\u00e4sn\u00e4 10 seuran j\u00e4sent\u00e4, osallistujaluettelo&hellip; <\/p>\n","protected":false},"author":1,"featured_media":0,"parent":12,"menu_order":10,"comment_status":"closed","ping_status":"closed","template":"","meta":{"footnotes":""},"class_list":["post-120","page","type-page","status-publish","hentry"],"_links":{"self":[{"href":"http:\/\/rasti-hyry.net\/wordpress\/index.php?rest_route=\/wp\/v2\/pages\/120","targetHints":{"allow":["GET"]}}],"collection":[{"href":"http:\/\/rasti-hyry.net\/wordpress\/index.php?rest_route=\/wp\/v2\/pages"}],"about":[{"href":"http:\/\/rasti-hyry.net\/wordpress\/index.php?rest_route=\/wp\/v2\/types\/page"}],"author":[{"embeddable":true,"href":"http:\/\/rasti-hyry.net\/wordpress\/index.php?rest_route=\/wp\/v2\/users\/1"}],"replies":[{"embeddable":true,"href":"http:\/\/rasti-hyry.net\/wordpress\/index.php?rest_route=%2Fwp%2Fv2%2Fcomments&post=120"}],"version-history":[{"count":4,"href":"http:\/\/rasti-hyry.net\/wordpress\/index.php?rest_route=\/wp\/v2\/pages\/120\/revisions"}],"predecessor-version":[{"id":156,"href":"http:\/\/rasti-hyry.net\/wordpress\/index.php?rest_route=\/wp\/v2\/pages\/120\/revisions\/156"}],"up":[{"embeddable":true,"href":"http:\/\/rasti-hyry.net\/wordpress\/index.php?rest_route=\/wp\/v2\/pages\/12"}],"wp:attachment":[{"href":"http:\/\/rasti-hyry.net\/wordpress\/index.php?rest_route=%2Fwp%2Fv2%2Fmedia&parent=120"}],"curies":[{"name":"wp","href":"https:\/\/api.w.org\/{rel}","templated":true}]}}