{"id":124,"date":"2014-07-03T06:51:48","date_gmt":"2014-07-03T06:51:48","guid":{"rendered":"http:\/\/rasti-hyry.net\/wordpress\/?page_id=124"},"modified":"2014-07-03T07:29:13","modified_gmt":"2014-07-03T07:29:13","slug":"toimintasuunnitelma-vuodelle-2007","status":"publish","type":"page","link":"http:\/\/rasti-hyry.net\/wordpress\/?page_id=124","title":{"rendered":"Toimintasuunnitelma vuodelle 2007"},"content":{"rendered":"<p style=\"color: #3a453b;\"><strong>Yleist\u00e4<br \/>\n<\/strong>Rasti-Hyry on j\u00e4rjest\u00e4nyt suuria kilpailutapahtumia useina viime vuosina. Vuonna 2007 seura j\u00e4rjest\u00e4\u00e4 aluemestaruuskilpailut ja alkaa valmistella Kainuun Rastiviikon j\u00e4rjest\u00e4mist\u00e4 yhteisty\u00f6ss\u00e4 Kajaanin Suunnistajien kanssa vuonna 2008. Iltarastitoiminta pyrit\u00e4\u00e4n palauttamaan entiselle tasolle, eli my\u00f6s muualla asuvat Rasri-Hyryn suunnistajat pyrit\u00e4\u00e4n saamaan vuoroviikoin j\u00e4rjest\u00e4m\u00e4\u00e4n iltarasteja Hyrynsalmella. Nuorisotoiminnan osalta tavoitteena on ohjata lapsia ja nuoria liikunnan pariin tarjoamalla opetusta ja ohjattua toimintaa suunnistuksessa. Lis\u00e4ksi tutkitaan mahdollisuutta osallistua Nuorten Jukolaan. Seuran suunnistusasut uusitaan ensi vuoden aikana.<\/p>\n<p><strong>VARSINAINEN TOIMINTA<\/strong><\/p>\n<p>Koulutus<br \/>\nAluevalmentaja Timo Partanen vastaa seuran ratamestarikoulutuksesta ja suunnittelee koulutuksen seurassa. Kev\u00e4\u00e4ll\u00e4 yritet\u00e4\u00e4n saada Hyrynsalmella lasten oravapolkutoiminta k\u00e4yntiin. Muu koulutus j\u00e4rjestet\u00e4\u00e4n Kainuun Suunnistus ry:n kanssa.<\/p>\n<p>Valmennus<br \/>\nTestijuoksuja j\u00e4rjestet\u00e4\u00e4n entiseen tapaan ja tarjotaan my\u00f6s muille juoksuista kiinnostuneille seuroille mahdollisuus osallistua tapahtumiin. Seuran yhteisleirej\u00e4 j\u00e4rjestet\u00e4\u00e4n edelleen tarpeen mukaan.<\/p>\n<p>Kilpailutoiminta<br \/>\nSM-kisoissa pyrit\u00e4\u00e4n saavuttamaan mitalitiloja sek\u00e4 henkil\u00f6kohtaisissa kilpailuissa ett\u00e4 viesteiss\u00e4. Jukolan- ja Venlojen viestiin osallistutaan kahdella mies- ja kahdella naisjoukkueella. Kuusamossa j\u00e4rjestett\u00e4viin veteraanien MM-kilpailuihin pyrit\u00e4\u00e4n saamaan seurastamme 10 osallistujaa. Aluemestaruuskilpailuihin pyrit\u00e4\u00e4n osallistumaan runsaslukuisesti. Rastiviikolle osallistumistavoite 40 Rasti-Hyryl\u00e4ist\u00e4. Seuran mestaruus ratkaistaan perinteisesti Kallen Cupissa. KRV:n j\u00e4rjest\u00e4mist\u00e4 suunnitellaan.<\/p>\n<p>Tiedottaminen<br \/>\nTiedottaminen tapahtuu p\u00e4\u00e4asiassa s\u00e4hk\u00f6postilla tai jos mahdollista, seuran omilla www-sivuilla. Harjoituksien yms. tapahtumien ilmoittamisesta vastaa vet\u00e4j\u00e4.<\/p>\n<p>Liikuntapaikat<br \/>\n\u2022 Ukkohallan alueesta k\u00e4yt\u00f6ss\u00e4 2 karttaa<br \/>\n\u2022 Vonkan alueesta puistosuunnistuskartta v. 2000<br \/>\n\u2022 Konivaaran SM-kartta k\u00e4yt\u00f6ss\u00e4<br \/>\n\u2022 Rasti-Hyryn rasteja varten olemassa viel\u00e4 k\u00e4ytt\u00f6kelpoisia \u201dvanhoja\u201d karttoja<\/p>\n<p>Muu toiminta<br \/>\nVarainhankintaa varten tehd\u00e4\u00e4n sopivia talkoot\u00f6it\u00e4. Seuran 20-vuotishistoriikin kokoamista jatketaan. Pyrit\u00e4\u00e4n saamaan seuralle toimivat kotisivut tulevan vuoden aikana. Suunnistusasut uusitaan vuoden aikana.<\/p>\n<p class=\"0\" style=\"color: #3a453b;\"><strong>Hyrynsalmi 18.11.2006<\/strong><\/p>\n<p class=\"0\" style=\"color: #3a453b;\">\n<p class=\"0\" style=\"color: #3a453b;\"><strong>\u00a0<\/strong><\/p>\n<p><center style=\"color: #3a453b;\"><\/p>\n<p class=\"td_palkkitieto_korostus_VAALEAMPI\">Rasti-Hyryn johtokunta<br \/>\npj. Timo Partanen<br \/>\nsiht. Juha-Pekka Ker\u00e4nen<br \/>\nrahast. hoit. Jarmo Juntunen<br \/>\ndokument. Eero Juntunen<br \/>\nviestint\u00e4 Esko Heikkinen<br \/>\nnuorisotoim. Tuija Jurvakainen<\/p>\n<p><\/center><\/p>\n","protected":false},"excerpt":{"rendered":"<p>Yleist\u00e4 Rasti-Hyry on j\u00e4rjest\u00e4nyt suuria kilpailutapahtumia useina viime vuosina. Vuonna 2007 seura j\u00e4rjest\u00e4\u00e4 aluemestaruuskilpailut ja alkaa valmistella Kainuun Rastiviikon j\u00e4rjest\u00e4mist\u00e4 yhteisty\u00f6ss\u00e4 Kajaanin Suunnistajien kanssa vuonna 2008. Iltarastitoiminta pyrit\u00e4\u00e4n palauttamaan entiselle tasolle, eli my\u00f6s muualla asuvat Rasri-Hyryn suunnistajat pyrit\u00e4\u00e4n saamaan vuoroviikoin&hellip; <\/p>\n","protected":false},"author":1,"featured_media":0,"parent":12,"menu_order":12,"comment_status":"closed","ping_status":"closed","template":"","meta":{"footnotes":""},"class_list":["post-124","page","type-page","status-publish","hentry"],"_links":{"self":[{"href":"http:\/\/rasti-hyry.net\/wordpress\/index.php?rest_route=\/wp\/v2\/pages\/124","targetHints":{"allow":["GET"]}}],"collection":[{"href":"http:\/\/rasti-hyry.net\/wordpress\/index.php?rest_route=\/wp\/v2\/pages"}],"about":[{"href":"http:\/\/rasti-hyry.net\/wordpress\/index.php?rest_route=\/wp\/v2\/types\/page"}],"author":[{"embeddable":true,"href":"http:\/\/rasti-hyry.net\/wordpress\/index.php?rest_route=\/wp\/v2\/users\/1"}],"replies":[{"embeddable":true,"href":"http:\/\/rasti-hyry.net\/wordpress\/index.php?rest_route=%2Fwp%2Fv2%2Fcomments&post=124"}],"version-history":[{"count":3,"href":"http:\/\/rasti-hyry.net\/wordpress\/index.php?rest_route=\/wp\/v2\/pages\/124\/revisions"}],"predecessor-version":[{"id":160,"href":"http:\/\/rasti-hyry.net\/wordpress\/index.php?rest_route=\/wp\/v2\/pages\/124\/revisions\/160"}],"up":[{"embeddable":true,"href":"http:\/\/rasti-hyry.net\/wordpress\/index.php?rest_route=\/wp\/v2\/pages\/12"}],"wp:attachment":[{"href":"http:\/\/rasti-hyry.net\/wordpress\/index.php?rest_route=%2Fwp%2Fv2%2Fmedia&parent=124"}],"curies":[{"name":"wp","href":"https:\/\/api.w.org\/{rel}","templated":true}]}}