{"id":1319,"date":"2025-04-15T15:36:52","date_gmt":"2025-04-15T12:36:52","guid":{"rendered":"https:\/\/rasti-hyry.net\/wordpress\/?page_id=1319"},"modified":"2025-05-29T19:11:17","modified_gmt":"2025-05-29T16:11:17","slug":"am-keskimatka-29-5-2025","status":"publish","type":"page","link":"http:\/\/rasti-hyry.net\/wordpress\/?page_id=1319","title":{"rendered":"Am-keskimatka 29.5.2025"},"content":{"rendered":"\n<p><a href=\"http:\/\/rasti-hyry.net\/wordpress\/wp-content\/uploads\/2025\/04\/Keskimatkan-kilpailukutsu-2025-1.pdf\" target=\"_blank\" rel=\"noreferrer noopener\">Kilpailukutsu<\/a><\/p>\n\n\n\n<p><a href=\"http:\/\/rasti-hyry.net\/wordpress\/wp-content\/uploads\/2025\/05\/Kilpailuohjeet-2025.pdf\" target=\"_blank\" rel=\"noreferrer noopener\">Alustavat kilpailuohjeet<\/a><\/p>\n\n\n\n<p><a href=\"http:\/\/rasti-hyry.net\/wordpress\/wp-content\/uploads\/2025\/05\/lahtoluettelo.html\">L\u00e4ht\u00f6ajat<\/a><\/p>\n\n\n\n<p><a rel=\"noreferrer noopener\" href=\"http:\/\/rasti-hyry.net\/wordpress\/wp-content\/uploads\/2025\/05\/tulokset.html\" target=\"_blank\">Tulokset<\/a> ja <a rel=\"noreferrer noopener\" href=\"http:\/\/rasti-hyry.net\/wordpress\/wp-content\/uploads\/2025\/05\/valiajat.html\" target=\"_blank\">v\u00e4liajat<\/a><\/p>\n\n\n\n<p><a rel=\"noreferrer noopener\" href=\"http:\/\/rasti-hyry.net\/wordpress\/wp-content\/uploads\/2025\/05\/Kuntotulokset.html\" target=\"_blank\">Kuntorastien tulokset<\/a><\/p>\n\n\n\n<p><a rel=\"noreferrer noopener\" href=\"https:\/\/www.livelox.com\/Events\/Show\/158394\/Kainuun-am-keskimatka\" target=\"_blank\">Livelox<\/a><\/p>\n","protected":false},"excerpt":{"rendered":"<p>Kilpailukutsu Alustavat kilpailuohjeet L\u00e4ht\u00f6ajat Tulokset ja v\u00e4liajat Kuntorastien tulokset Livelox<\/p>\n","protected":false},"author":1,"featured_media":0,"parent":0,"menu_order":0,"comment_status":"closed","ping_status":"closed","template":"","meta":{"footnotes":""},"class_list":["post-1319","page","type-page","status-publish","hentry"],"_links":{"self":[{"href":"http:\/\/rasti-hyry.net\/wordpress\/index.php?rest_route=\/wp\/v2\/pages\/1319","targetHints":{"allow":["GET"]}}],"collection":[{"href":"http:\/\/rasti-hyry.net\/wordpress\/index.php?rest_route=\/wp\/v2\/pages"}],"about":[{"href":"http:\/\/rasti-hyry.net\/wordpress\/index.php?rest_route=\/wp\/v2\/types\/page"}],"author":[{"embeddable":true,"href":"http:\/\/rasti-hyry.net\/wordpress\/index.php?rest_route=\/wp\/v2\/users\/1"}],"replies":[{"embeddable":true,"href":"http:\/\/rasti-hyry.net\/wordpress\/index.php?rest_route=%2Fwp%2Fv2%2Fcomments&post=1319"}],"version-history":[{"count":10,"href":"http:\/\/rasti-hyry.net\/wordpress\/index.php?rest_route=\/wp\/v2\/pages\/1319\/revisions"}],"predecessor-version":[{"id":1371,"href":"http:\/\/rasti-hyry.net\/wordpress\/index.php?rest_route=\/wp\/v2\/pages\/1319\/revisions\/1371"}],"wp:attachment":[{"href":"http:\/\/rasti-hyry.net\/wordpress\/index.php?rest_route=%2Fwp%2Fv2%2Fmedia&parent=1319"}],"curies":[{"name":"wp","href":"https:\/\/api.w.org\/{rel}","templated":true}]}}