{"id":163,"date":"2014-07-03T07:35:51","date_gmt":"2014-07-03T07:35:51","guid":{"rendered":"http:\/\/rasti-hyry.net\/wordpress\/?page_id=163"},"modified":"2014-07-03T07:37:40","modified_gmt":"2014-07-03T07:37:40","slug":"163-2","status":"publish","type":"page","link":"http:\/\/rasti-hyry.net\/wordpress\/?page_id=163","title":{"rendered":"Toimintasuunnitelma vuodelle 2008"},"content":{"rendered":"<p class=\"td_ajankohtaista_korostus2\" style=\"color: #3a453b;\"><strong>Yleist\u00e4<\/strong><br \/>\nVuonna 2008 seuramme on ison haasteen edess\u00e4 &#8211; j\u00e4rjest\u00e4mme Kainuun Rastiviikon Ukkohallassa hein\u00e4kuussa yhteisty\u00f6ss\u00e4 Kajaanin Suunnistajien kanssa. Yksist\u00e4\u00e4n talkoov\u00e4en rekrytointi on suuri urakka, sill\u00e4 talkoolaisia tarvitaan kisan l\u00e4piviemiseksi ainakin 300. Kisaj\u00e4rjestelyihin olemme saaneet apua Hyrynsalmen lukiolta, jonka oppilaat suorittavat kes\u00e4kurssina liikunnan erikoiskurssin, jossa he osallistuvat rastiviikon tulospalvelun teht\u00e4viin. Kev\u00e4\u00e4n aikana pyrit\u00e4\u00e4n j\u00e4rjest\u00e4m\u00e4\u00e4n Hyrynsalmella suunnistuksen alkeiskurssi, jonka avulla lajin harrastamista paikkakunnalla saataisiin lis\u00e4tty\u00e4. My\u00f6s iltarastitoiminta pyrit\u00e4\u00e4n k\u00e4ynnist\u00e4m\u00e4\u00e4n muualla asuvien Rasti-Hyryn suunnistajien toimesta. Nuorisotoiminnan osalta tavoitteena on ohjata lapsia ja nuoria liikunnan pariin tarjoamalla opetusta ja ohjattua toimintaa suunnistuksessa.<\/p>\n<p><strong>VARSINAINEN TOIMINTA<\/strong><\/p>\n<p>Koulutus<br \/>\nRatamestarikoulutusta j\u00e4rjestet\u00e4\u00e4n seurassa ja I-luokan ratamestarikortin hankkimiseksi \/ uudistamiseksi seuran j\u00e4seni\u00e4 osallistuu valtakunnalliseen ratamestariseminaariin. Kev\u00e4\u00e4ll\u00e4 yritet\u00e4\u00e4n saada Hyrynsalmella j\u00e4rjestetty\u00e4 suunnistuksen alkeiskurssi sek\u00e4 lasten oravapolkutoiminta k\u00e4yntiin.<\/p>\n<p>Valmennus<br \/>\nTestijuoksuja j\u00e4rjestet\u00e4\u00e4n entiseen tapaan ja tarjotaan my\u00f6s muille juoksuista kiinnostuneille seuroille mahdollisuus osallistua tapahtumiin. Seuran yhteisleirej\u00e4 j\u00e4rjestet\u00e4\u00e4n edelleen tarpeen mukaan. Lis\u00e4ksi seuran junioreita osallistuu Kainuun Suunnistus ry:n j\u00e4rjest\u00e4m\u00e4lle kev\u00e4tleirille huhti &#8211; toukokuussa.<\/p>\n<p>Kilpailutoiminta<br \/>\nSM-kisoissa pyrit\u00e4\u00e4n saavuttamaan mitalisijoja sek\u00e4 henkil\u00f6kohtaisissa kilpailuissa ett\u00e4 viesteiss\u00e4. Jukolan- ja Venlojen viestiin osallistutaan kahdella mies- ja kahdella naisjoukkueella ja aluemestaruuskilpailuihin pyrit\u00e4\u00e4n osallistumaan runsaslukuisesti. Seuran mestaruus ratkaistaan perinteisesti Kallen Cupissa. KRV:n j\u00e4rjest\u00e4misen lis\u00e4ksi j\u00e4rjest\u00e4mme aluemestaruus-y\u00f6suunnistuksen syksyll\u00e4.<\/p>\n<p>Tiedottaminen<br \/>\nTiedottaminen tapahtuu p\u00e4\u00e4asiassa s\u00e4hk\u00f6postilla ja seuran omilla www-sivuilla (www.rasti-hyry.net). Harjoituksien yms. tapahtumien ilmoittamisesta vastaa tapahtuman vet\u00e4j\u00e4.<\/p>\n<p>Liikuntapaikat<br \/>\n\u2022 Ukkohallan alueesta k\u00e4yt\u00f6ss\u00e4 2 karttaa (uusitaan KRV:lle)<br \/>\n\u2022 Vonkan alueesta puistosuunnistuskartta v. 2000<br \/>\n\u2022 Konivaaran SM-kartta (2001)<br \/>\n\u2022 Rasti-Hyryn iltarasteja varten olemassa viel\u00e4 k\u00e4ytt\u00f6kelpoisia vanhempia karttoja<\/p>\n<p>Muu toiminta<br \/>\nVarainhankintaa varten tehd\u00e4\u00e4n sopivia talkoot\u00f6it\u00e4 ja seuran 20-vuotishistoriikin kokoamista jatketaan.<\/p>\n<p class=\"0\" style=\"color: #3a453b;\">Kajaani 16.11.2007<\/p>\n<div style=\"color: #3a453b;\" align=\"center\"><center><\/p>\n<table border=\"0\" cellspacing=\"0\" cellpadding=\"0\">\n<tbody>\n<tr>\n<td class=\"td_ajankohtausta_korostus_kehys1\">\n<p class=\"td_palkkitieto_korostus_VAALEAMPI\">Rasti-Hyryn johtokunta<br \/>\npj. Timo Partanen<br \/>\nsiht. Juha-Pekka Ker\u00e4nen<br \/>\nrahast. hoit. Jarmo Juntunen<br \/>\ndokument. Eero Juntunen<br \/>\nviestint\u00e4 Esko Heikkinen<br \/>\nnuorisotoim. Tuija Jurvakainen<br \/>\nrekrytointi Esa Romppainen<\/p>\n<\/td>\n<\/tr>\n<\/tbody>\n<\/table>\n<p><\/center><\/div>\n","protected":false},"excerpt":{"rendered":"<p>Yleist\u00e4 Vuonna 2008 seuramme on ison haasteen edess\u00e4 &#8211; j\u00e4rjest\u00e4mme Kainuun Rastiviikon Ukkohallassa hein\u00e4kuussa yhteisty\u00f6ss\u00e4 Kajaanin Suunnistajien kanssa. Yksist\u00e4\u00e4n talkoov\u00e4en rekrytointi on suuri urakka, sill\u00e4 talkoolaisia tarvitaan kisan l\u00e4piviemiseksi ainakin 300. Kisaj\u00e4rjestelyihin olemme saaneet apua Hyrynsalmen lukiolta, jonka oppilaat suorittavat&hellip; <\/p>\n","protected":false},"author":1,"featured_media":0,"parent":12,"menu_order":9,"comment_status":"closed","ping_status":"closed","template":"","meta":{"footnotes":""},"class_list":["post-163","page","type-page","status-publish","hentry"],"_links":{"self":[{"href":"http:\/\/rasti-hyry.net\/wordpress\/index.php?rest_route=\/wp\/v2\/pages\/163","targetHints":{"allow":["GET"]}}],"collection":[{"href":"http:\/\/rasti-hyry.net\/wordpress\/index.php?rest_route=\/wp\/v2\/pages"}],"about":[{"href":"http:\/\/rasti-hyry.net\/wordpress\/index.php?rest_route=\/wp\/v2\/types\/page"}],"author":[{"embeddable":true,"href":"http:\/\/rasti-hyry.net\/wordpress\/index.php?rest_route=\/wp\/v2\/users\/1"}],"replies":[{"embeddable":true,"href":"http:\/\/rasti-hyry.net\/wordpress\/index.php?rest_route=%2Fwp%2Fv2%2Fcomments&post=163"}],"version-history":[{"count":4,"href":"http:\/\/rasti-hyry.net\/wordpress\/index.php?rest_route=\/wp\/v2\/pages\/163\/revisions"}],"predecessor-version":[{"id":167,"href":"http:\/\/rasti-hyry.net\/wordpress\/index.php?rest_route=\/wp\/v2\/pages\/163\/revisions\/167"}],"up":[{"embeddable":true,"href":"http:\/\/rasti-hyry.net\/wordpress\/index.php?rest_route=\/wp\/v2\/pages\/12"}],"wp:attachment":[{"href":"http:\/\/rasti-hyry.net\/wordpress\/index.php?rest_route=%2Fwp%2Fv2%2Fmedia&parent=163"}],"curies":[{"name":"wp","href":"https:\/\/api.w.org\/{rel}","templated":true}]}}