{"id":4,"date":"2014-07-03T05:50:00","date_gmt":"2014-07-03T05:50:00","guid":{"rendered":"http:\/\/rasti-hyry.net\/wordpress\/?page_id=4"},"modified":"2015-06-27T18:08:40","modified_gmt":"2015-06-27T15:08:40","slug":"seura","status":"publish","type":"page","link":"http:\/\/rasti-hyry.net\/wordpress\/?page_id=4","title":{"rendered":"Seura"},"content":{"rendered":"<h2 class=\"art-PostHeaderIcon-wrapper\" style=\"color: #415e22;\"><span class=\"art-PostHeader\">Hyrynsalmelaista suunnistusta jo vuodesta 1983 l\u00e4htien<\/span><\/h2>\n<div class=\"art-PostContent\" style=\"color: #3a453b;\">\n<div class=\"art-article\">\n<p><strong>Rasti-Hyry, yli 30 vuotta hyrynsalmelaista suunnistusta<br \/>\n<\/strong><br \/>\nSuunnistuksen erikoisseura Rasti-Hyry perustettiin vuonnna 1983, johon saakka suunnistusta harrastettiin Hyrynsalmella yleisseura Hyrynsalmen Iskun jaostona. Alusta l\u00e4htien Rasti-Hyry on kuulunut Kainuun menestyksekk\u00e4impiin suunnistusseuroihin ja 1990-luvulta l\u00e4htien on ollut selke\u00e4sti menestyksekk\u00e4in. Kainuun viimeisin yleisen sarjan kes\u00e4suunnistuksen SM-mitali on Rasti-Hyryn vuonna 1990 saavuttama viestisuunnistuksen pronssimitali. 2000-luvulla seuran suunnistajat ovat saavuttaneet SM-kilpailuissa 23 mitalia (7 kultaa, 7 hopeaa ja 9 pronssia) ik\u00e4miessarjoissa.<\/p>\n<p>Seuran perustamisesta l\u00e4htien Rasti-Hyry on saanut j\u00e4rjestett\u00e4v\u00e4kseen suunnistuksen arvokilpailuja. Varsinainen kisaruuhka on ollut 2000-luvulla, jolloin seura on j\u00e4rjest\u00e4nyt mm. suunnistuksen bonuskilpailun (2000), nuorten MM-katsastuksen (2001), ryhm\u00e4 2:n SM-viestisuunnistuksen (2002) sek\u00e4 kansallisen py\u00f6r\u00e4suunnistuksen ja kansainv\u00e4lisen puistosuunnistusviestin. Lis\u00e4ksi vuosittain seura on j\u00e4rjest\u00e4nyt yhden aluemestaruuskilpailun, joten Rasti-Hyry on yll\u00e4pit\u00e4nyt Hyrynsalmella vire\u00e4\u00e4 suunnistustoimintaa. Kilpailujen j\u00e4rjest\u00e4misen on mahdollistanut hyv\u00e4 yhteisty\u00f6 Hyrynsalmen kunnan kanssa, jonka ansiosta jokaiseen kilpailuun on voitu valmistaa laadukas kartta.<\/p>\n<p>Kes\u00e4ll\u00e4 2008 Rasti-Hyry j\u00e4rjesti perinteisen Kainuun Rastiviikon Hyrynsalmen Ukkohallassa, Pienen Tuomivaaran upeissa maisemissa. L\u00e4hes 4000 osanottajan kilpailu- ja lomaviikko oli pienelle seuralle kova voimanponnistus, mutta erinomainen talkoohenki kyl\u00e4l\u00e4isten keskuudessa ja hyv\u00e4 yhteisty\u00f6 toisen j\u00e4rjest\u00e4j\u00e4n Kajaanin Suunnistajien kanssa mahdollisti kaikkien aikojen onnistuneimman rastiviikon sen 40-vuotisen historian aikana; kilpailijoiden palaute viikosta oli poikkeuksetta positiivista. T\u00e4rke\u00e4\u00e4 oli my\u00f6s Hyrynsalmen kunnan tuki ja my\u00f6nteinen asenne suunnistusta kohtaan.<\/p>\n<p>Vuosi 2009 toi tullessaan iltarastitoiminnan tehostamisen ja nuorten suunnistuskoulun aloittamisen Hyrynsalmella. Vaikka seuran aktiivisuunnistajista kovinkaan moni ei asu paikakunnalla, on toiminta saatu hyvin k\u00e4yntiin, kiitos aktiivisten vet\u00e4jien jotka usein pitkienkin matkojen p\u00e4\u00e4st\u00e4 ovat tulleet vuorollaan Hyrynsalmelle pit\u00e4m\u00e4\u00e4n harjoituksia. Kes\u00e4ll\u00e4 2009 seuran 32 j\u00e4sent\u00e4 osallistui Italian Rastiviikolle, Dolomiittien jylhiss\u00e4 maisemissa. Vuonna 2013 matkamme suuntautui Sloveniaan ja kes\u00e4ll\u00e4 2015 osallistumme Slovakiassa ja Puolassa rastiviikoille.<\/p>\n<p>Kes\u00e4n 2015 aikana on saatu iltarastitoiminta py\u00f6rim\u00e4\u00e4n Hyrynsalmella mallikkaasti ja osanottajia on riitt\u00e4nyt mukavasti jokaiselle kerralle. L\u00e4hivuosina suunnitelmissa on\u00a0 my\u00f6s suurempien kilpailujen saaminen Hyrynsalmelle. T\u00e4ll\u00e4 tavoin haluamme\u00a0 pit\u00e4\u00e4 Hyrynsalmen maamme\u00a0 suunnistuskertalla ja omalla panoksellamme\u00a0 tuoda eloa ja ihmisi\u00e4 kotikuntaamme.<\/p>\n<\/div>\n<\/div>\n","protected":false},"excerpt":{"rendered":"<p>Hyrynsalmelaista suunnistusta jo vuodesta 1983 l\u00e4htien Rasti-Hyry, yli 30 vuotta hyrynsalmelaista suunnistusta Suunnistuksen erikoisseura Rasti-Hyry perustettiin vuonnna 1983, johon saakka suunnistusta harrastettiin Hyrynsalmella yleisseura Hyrynsalmen Iskun jaostona. Alusta l\u00e4htien Rasti-Hyry on kuulunut Kainuun menestyksekk\u00e4impiin suunnistusseuroihin ja 1990-luvulta l\u00e4htien on ollut&hellip; <\/p>\n","protected":false},"author":1,"featured_media":0,"parent":0,"menu_order":1,"comment_status":"closed","ping_status":"closed","template":"","meta":{"footnotes":""},"class_list":["post-4","page","type-page","status-publish","hentry"],"_links":{"self":[{"href":"http:\/\/rasti-hyry.net\/wordpress\/index.php?rest_route=\/wp\/v2\/pages\/4","targetHints":{"allow":["GET"]}}],"collection":[{"href":"http:\/\/rasti-hyry.net\/wordpress\/index.php?rest_route=\/wp\/v2\/pages"}],"about":[{"href":"http:\/\/rasti-hyry.net\/wordpress\/index.php?rest_route=\/wp\/v2\/types\/page"}],"author":[{"embeddable":true,"href":"http:\/\/rasti-hyry.net\/wordpress\/index.php?rest_route=\/wp\/v2\/users\/1"}],"replies":[{"embeddable":true,"href":"http:\/\/rasti-hyry.net\/wordpress\/index.php?rest_route=%2Fwp%2Fv2%2Fcomments&post=4"}],"version-history":[{"count":4,"href":"http:\/\/rasti-hyry.net\/wordpress\/index.php?rest_route=\/wp\/v2\/pages\/4\/revisions"}],"predecessor-version":[{"id":452,"href":"http:\/\/rasti-hyry.net\/wordpress\/index.php?rest_route=\/wp\/v2\/pages\/4\/revisions\/452"}],"wp:attachment":[{"href":"http:\/\/rasti-hyry.net\/wordpress\/index.php?rest_route=%2Fwp%2Fv2%2Fmedia&parent=4"}],"curies":[{"name":"wp","href":"https:\/\/api.w.org\/{rel}","templated":true}]}}