{"id":435,"date":"2015-06-23T22:18:22","date_gmt":"2015-06-23T19:18:22","guid":{"rendered":"http:\/\/rasti-hyry.net\/wordpress\/?page_id=435"},"modified":"2015-08-18T23:08:26","modified_gmt":"2015-08-18T20:08:26","slug":"2015-3","status":"publish","type":"page","link":"http:\/\/rasti-hyry.net\/wordpress\/?page_id=435","title":{"rendered":"Am-keskimatka 16.8.2015"},"content":{"rendered":"<p>Kilpailuihin on ilmoittautunut 123 osanottajaa. Huomatkaa, ett\u00e4 pys\u00e4k\u00f6inti on tien varrella, k\u00e4velymatkaa kilpailukeskukseen 500 &#8211; 800 m!<\/p>\n<p><a href=\"http:\/\/rasti-hyry.net\/wordpress\/?page_id=439\">Kilpailukutsu<\/a><\/p>\n<p><a href=\"http:\/\/rasti-hyry.net\/wordpress\/?page_id=481\">Kilpailuohjeet<\/a><\/p>\n<p><a href=\"http:\/\/rasti-hyry.net\/wordpress\/wp-content\/uploads\/2015\/08\/l\u00e4ht\u00f6lista.html\">L\u00e4ht\u00f6ajat<\/a><\/p>\n<p><a href=\"http:\/\/rasti-hyry.net\/wordpress\/wp-content\/uploads\/2015\/08\/Tulokset.html\">Tulokset<\/a><\/p>\n<p><a href=\"http:\/\/rasti-hyry.net\/wordpress\/wp-content\/uploads\/2015\/08\/V\u00e4liajat.html\">V\u00e4liajat<\/a><\/p>\n","protected":false},"excerpt":{"rendered":"<p>Kilpailuihin on ilmoittautunut 123 osanottajaa. Huomatkaa, ett\u00e4 pys\u00e4k\u00f6inti on tien varrella, k\u00e4velymatkaa kilpailukeskukseen 500 &#8211; 800 m! Kilpailukutsu Kilpailuohjeet L\u00e4ht\u00f6ajat Tulokset V\u00e4liajat<\/p>\n","protected":false},"author":1,"featured_media":0,"parent":14,"menu_order":6,"comment_status":"closed","ping_status":"open","template":"","meta":{"footnotes":""},"class_list":["post-435","page","type-page","status-publish","hentry"],"_links":{"self":[{"href":"http:\/\/rasti-hyry.net\/wordpress\/index.php?rest_route=\/wp\/v2\/pages\/435","targetHints":{"allow":["GET"]}}],"collection":[{"href":"http:\/\/rasti-hyry.net\/wordpress\/index.php?rest_route=\/wp\/v2\/pages"}],"about":[{"href":"http:\/\/rasti-hyry.net\/wordpress\/index.php?rest_route=\/wp\/v2\/types\/page"}],"author":[{"embeddable":true,"href":"http:\/\/rasti-hyry.net\/wordpress\/index.php?rest_route=\/wp\/v2\/users\/1"}],"replies":[{"embeddable":true,"href":"http:\/\/rasti-hyry.net\/wordpress\/index.php?rest_route=%2Fwp%2Fv2%2Fcomments&post=435"}],"version-history":[{"count":11,"href":"http:\/\/rasti-hyry.net\/wordpress\/index.php?rest_route=\/wp\/v2\/pages\/435\/revisions"}],"predecessor-version":[{"id":507,"href":"http:\/\/rasti-hyry.net\/wordpress\/index.php?rest_route=\/wp\/v2\/pages\/435\/revisions\/507"}],"up":[{"embeddable":true,"href":"http:\/\/rasti-hyry.net\/wordpress\/index.php?rest_route=\/wp\/v2\/pages\/14"}],"wp:attachment":[{"href":"http:\/\/rasti-hyry.net\/wordpress\/index.php?rest_route=%2Fwp%2Fv2%2Fmedia&parent=435"}],"curies":[{"name":"wp","href":"https:\/\/api.w.org\/{rel}","templated":true}]}}