{"id":439,"date":"2015-06-24T05:48:44","date_gmt":"2015-06-24T02:48:44","guid":{"rendered":"http:\/\/rasti-hyry.net\/wordpress\/?page_id=439"},"modified":"2015-08-01T17:53:06","modified_gmt":"2015-08-01T14:53:06","slug":"kilpailukutsu","status":"publish","type":"page","link":"http:\/\/rasti-hyry.net\/wordpress\/?page_id=439","title":{"rendered":"Kilpailukutsu"},"content":{"rendered":"<p>KAINUUN AM-KESKIMATKA HYRYNSALMELLA SU 16.8.2015<\/p>\n<p>Sarjat ja maksut: H\/D12-16 10 eur, H\/D18-80 15 eur.<br \/>\nIlmoittautuminen IRMA-j\u00e4rjestelm\u00e4n kautta ti 11.8. menness\u00e4.<br \/>\nEnsimm\u00e4inen l\u00e4ht\u00f6 klo 12.00.<br \/>\nOpastus Hyrynsalmi \u2013 Puolanka tielt\u00e4 noin 12 km Hyrynsalmelta, josta ajoaikaa 10 min.<br \/>\nKaikki toiminnot maasto-olosuhteissa.<br \/>\nKartta: Pieni Tuomivaara 1:10 000, vuodelta 2008. L\u00e4ht\u00f6ajat ja tulokset tulevat osoitteeseen www.rasti-hyry.net.<br \/>\nKilpailunjohtaja: Eero Juntunen, puh. 044 2762812, eerojunt(at)gmail.com.<br \/>\nRatamestari: Timo Partanen.<br \/>\nL\u00e4ht\u00f6p\u00e4\u00e4llikk\u00f6: Esa Romppainen.<\/p>\n<p>Tervetuloa Yl\u00e4-Kainuun vaaramaastoon!<br \/>\nRasti-Hyry<\/p>\n<p>&nbsp;<\/p>\n","protected":false},"excerpt":{"rendered":"<p>KAINUUN AM-KESKIMATKA HYRYNSALMELLA SU 16.8.2015 Sarjat ja maksut: H\/D12-16 10 eur, H\/D18-80 15 eur. Ilmoittautuminen IRMA-j\u00e4rjestelm\u00e4n kautta ti 11.8. menness\u00e4. Ensimm\u00e4inen l\u00e4ht\u00f6 klo 12.00. Opastus Hyrynsalmi \u2013 Puolanka tielt\u00e4 noin 12 km Hyrynsalmelta, josta ajoaikaa 10 min. Kaikki toiminnot maasto-olosuhteissa.&hellip; <\/p>\n","protected":false},"author":1,"featured_media":0,"parent":435,"menu_order":0,"comment_status":"closed","ping_status":"open","template":"","meta":{"footnotes":""},"class_list":["post-439","page","type-page","status-publish","hentry"],"_links":{"self":[{"href":"http:\/\/rasti-hyry.net\/wordpress\/index.php?rest_route=\/wp\/v2\/pages\/439","targetHints":{"allow":["GET"]}}],"collection":[{"href":"http:\/\/rasti-hyry.net\/wordpress\/index.php?rest_route=\/wp\/v2\/pages"}],"about":[{"href":"http:\/\/rasti-hyry.net\/wordpress\/index.php?rest_route=\/wp\/v2\/types\/page"}],"author":[{"embeddable":true,"href":"http:\/\/rasti-hyry.net\/wordpress\/index.php?rest_route=\/wp\/v2\/users\/1"}],"replies":[{"embeddable":true,"href":"http:\/\/rasti-hyry.net\/wordpress\/index.php?rest_route=%2Fwp%2Fv2%2Fcomments&post=439"}],"version-history":[{"count":4,"href":"http:\/\/rasti-hyry.net\/wordpress\/index.php?rest_route=\/wp\/v2\/pages\/439\/revisions"}],"predecessor-version":[{"id":471,"href":"http:\/\/rasti-hyry.net\/wordpress\/index.php?rest_route=\/wp\/v2\/pages\/439\/revisions\/471"}],"up":[{"embeddable":true,"href":"http:\/\/rasti-hyry.net\/wordpress\/index.php?rest_route=\/wp\/v2\/pages\/435"}],"wp:attachment":[{"href":"http:\/\/rasti-hyry.net\/wordpress\/index.php?rest_route=%2Fwp%2Fv2%2Fmedia&parent=439"}],"curies":[{"name":"wp","href":"https:\/\/api.w.org\/{rel}","templated":true}]}}