{"id":481,"date":"2015-08-13T20:22:37","date_gmt":"2015-08-13T17:22:37","guid":{"rendered":"http:\/\/rasti-hyry.net\/wordpress\/?page_id=481"},"modified":"2015-08-13T20:29:25","modified_gmt":"2015-08-13T17:29:25","slug":"kilpailuohjeet","status":"publish","type":"page","link":"http:\/\/rasti-hyry.net\/wordpress\/?page_id=481","title":{"rendered":"Kilpailuohjeet"},"content":{"rendered":"<h5><strong>Kilpailuohjeet am-keskimatka 16.8.2015<\/strong><\/h5>\n<p>Kilpailussa noudatetaan SSL:n kilpailus\u00e4\u00e4nt\u00f6j\u00e4 ja j\u00e4rjest\u00e4j\u00e4n ohjeita.<\/p>\n<p>&nbsp;<\/p>\n<h6><strong>Kilpailukartta, rastim\u00e4\u00e4ritteet ja maasto<\/strong><\/h6>\n<p>Suunnistuskartta 1:10000, tuloste, k\u00e4yr\u00e4v\u00e4li\u00a0 5 m (maastoty\u00f6 2008). Kartta on muovikotelossa. Rastim\u00e4\u00e4ritteet ovat kartassa, irrallisia m\u00e4\u00e4ritteit\u00e4 ei ole.<\/p>\n<p>Maasto on hyv\u00e4pohjaista vaaramaastoa. Soita ei reiteill\u00e4 juurikaan ole, mutta useat suojuotitkin ovat sateisen kes\u00e4n j\u00e4ljilt\u00e4 m\u00e4rki\u00e4. Osa karttaan merkityist\u00e4 muurahaispesist\u00e4 on kasvanut umpeen ja ne ovat nyt l\u00e4hinn\u00e4 pes\u00e4n muotoisia m\u00e4tt\u00e4it\u00e4 (n\u00e4it\u00e4 on my\u00f6s rastipistein\u00e4). My\u00f6s kartalla olevia pieni\u00e4 keltaisia l\u00e4ikki\u00e4 (avoin alue) on paikoin maastossa vaikea erottaa \u2013 kuitenkaan suunnistukseen n\u00e4ill\u00e4 ei pit\u00e4isi olla merkityst\u00e4.<\/p>\n<h6><strong>Sarjat ja matkat<\/strong><\/h6>\n<p>H21, H35, H40\u00a0\u00a0\u00a0\u00a0\u00a0\u00a0\u00a0\u00a0\u00a0\u00a0\u00a0\u00a0\u00a0\u00a0\u00a0\u00a0\u00a0\u00a0\u00a0\u00a0\u00a0\u00a0\u00a0\u00a0\u00a0\u00a0\u00a0\u00a0\u00a0\u00a0\u00a0\u00a0\u00a0\u00a0\u00a0\u00a0\u00a0\u00a0\u00a0 5,2 km, 19 rastia<\/p>\n<p>H45, H50, H20, D21\u00a0\u00a0\u00a0\u00a0\u00a0\u00a0\u00a0\u00a0\u00a0\u00a0\u00a0\u00a0\u00a0\u00a0\u00a0\u00a0\u00a0\u00a0\u00a0\u00a0\u00a0\u00a0\u00a0\u00a0\u00a0\u00a0\u00a0\u00a0\u00a0\u00a0 4,6 km, 16 rastia<\/p>\n<p>H55, H60, H18, D35\u00a0\u00a0\u00a0\u00a0\u00a0\u00a0\u00a0\u00a0\u00a0\u00a0\u00a0\u00a0\u00a0\u00a0\u00a0\u00a0\u00a0\u00a0\u00a0\u00a0\u00a0\u00a0\u00a0\u00a0\u00a0\u00a0\u00a0\u00a0\u00a0\u00a0 4,0 km, 16 rastia<\/p>\n<p>H65, D40, D45, D20\u00a0\u00a0\u00a0\u00a0\u00a0\u00a0\u00a0\u00a0\u00a0\u00a0\u00a0\u00a0\u00a0\u00a0\u00a0\u00a0\u00a0\u00a0\u00a0\u00a0\u00a0\u00a0\u00a0\u00a0\u00a0\u00a0\u00a0\u00a0\u00a0\u00a0 3,4 km, 11 rastia<\/p>\n<p>H70, H16, D50, D55, D18\u00a0\u00a0\u00a0\u00a0\u00a0\u00a0\u00a0\u00a0\u00a0\u00a0\u00a0\u00a0\u00a0\u00a0\u00a0\u00a0\u00a0\u00a0\u00a0\u00a0\u00a0 2,9 km, 11 rastia<\/p>\n<p>H75, H80, H14, D60, D65, D16\u00a0\u00a0\u00a0\u00a0\u00a0\u00a0\u00a0\u00a0\u00a0\u00a0\u00a0\u00a0 2,2 km, 8 rastia<\/p>\n<p>D70, D14, D13, D12, H13, H12\u00a0\u00a0\u00a0\u00a0\u00a0\u00a0\u00a0\u00a0\u00a0\u00a0\u00a0\u00a0 1,6 km, 7 rastia<\/p>\n<p>&nbsp;<\/p>\n<p>Kuntoradat:<\/p>\n<p>A 4,8 km, 16 rastia<\/p>\n<p>C 2,8 km, 9 rastia<\/p>\n<p>&nbsp;<\/p>\n<h6><strong>Rastit, leimausj\u00e4rjestelm\u00e4 ja numerot<\/strong><\/h6>\n<p>Mallirasti on n\u00e4ht\u00e4vill\u00e4 kisakeskuksessa. Rastikoodi on leimasimen pohjassa oleva emit-koodi. Emit \u2013tarkistuslipukkeet ovat mallirastin vieress\u00e4. Tarkista emit-korttisi toimivuus mallirastilla! Kilpailunumeroita ei ole k\u00e4yt\u00f6ss\u00e4.<\/p>\n<h6><strong>L\u00e4ht\u00f6<\/strong><\/h6>\n<p>Ensimm\u00e4inen l\u00e4ht\u00f6 on klo 12.00, l\u00e4ht\u00f6paikka kilpailukeskuksessa.<\/p>\n<h6><strong>Maali<\/strong><\/h6>\n<p>Viimeisilt\u00e4 rasteilta johtaa viitoitus maaliin. Kilpailussa k\u00e4ytet\u00e4\u00e4n maalileimausta.<\/p>\n<h6><strong>Keskeytt\u00e4neet<\/strong><\/h6>\n<p>Keskeytt\u00e4nyt kilpailija tulee maaliin, leimaa maalilinjalla ja ilmoittaa keskeytt\u00e4misest\u00e4\u00e4n leimantarkastuksessa.<\/p>\n<h6><strong>Kahvio<\/strong><\/h6>\n<p>Kilpailukeskuksessa palvelee kisakahvio.<\/p>\n<h6><strong>Kuntosuunnistus<\/strong><\/h6>\n<p>Samassa maastossa j\u00e4rjestet\u00e4\u00e4n kuntorastit klo 13.30 alkaen. Ilmoittautuminen kahviossa, karttamaksu 5 euroa.<\/p>\n<p>&nbsp;<\/p>\n","protected":false},"excerpt":{"rendered":"<p>Kilpailuohjeet am-keskimatka 16.8.2015 Kilpailussa noudatetaan SSL:n kilpailus\u00e4\u00e4nt\u00f6j\u00e4 ja j\u00e4rjest\u00e4j\u00e4n ohjeita. &nbsp; Kilpailukartta, rastim\u00e4\u00e4ritteet ja maasto Suunnistuskartta 1:10000, tuloste, k\u00e4yr\u00e4v\u00e4li\u00a0 5 m (maastoty\u00f6 2008). Kartta on muovikotelossa. Rastim\u00e4\u00e4ritteet ovat kartassa, irrallisia m\u00e4\u00e4ritteit\u00e4 ei ole. Maasto on hyv\u00e4pohjaista vaaramaastoa. Soita ei reiteill\u00e4&hellip; <\/p>\n","protected":false},"author":1,"featured_media":0,"parent":435,"menu_order":0,"comment_status":"closed","ping_status":"open","template":"","meta":{"footnotes":""},"class_list":["post-481","page","type-page","status-publish","hentry"],"_links":{"self":[{"href":"http:\/\/rasti-hyry.net\/wordpress\/index.php?rest_route=\/wp\/v2\/pages\/481","targetHints":{"allow":["GET"]}}],"collection":[{"href":"http:\/\/rasti-hyry.net\/wordpress\/index.php?rest_route=\/wp\/v2\/pages"}],"about":[{"href":"http:\/\/rasti-hyry.net\/wordpress\/index.php?rest_route=\/wp\/v2\/types\/page"}],"author":[{"embeddable":true,"href":"http:\/\/rasti-hyry.net\/wordpress\/index.php?rest_route=\/wp\/v2\/users\/1"}],"replies":[{"embeddable":true,"href":"http:\/\/rasti-hyry.net\/wordpress\/index.php?rest_route=%2Fwp%2Fv2%2Fcomments&post=481"}],"version-history":[{"count":4,"href":"http:\/\/rasti-hyry.net\/wordpress\/index.php?rest_route=\/wp\/v2\/pages\/481\/revisions"}],"predecessor-version":[{"id":486,"href":"http:\/\/rasti-hyry.net\/wordpress\/index.php?rest_route=\/wp\/v2\/pages\/481\/revisions\/486"}],"up":[{"embeddable":true,"href":"http:\/\/rasti-hyry.net\/wordpress\/index.php?rest_route=\/wp\/v2\/pages\/435"}],"wp:attachment":[{"href":"http:\/\/rasti-hyry.net\/wordpress\/index.php?rest_route=%2Fwp%2Fv2%2Fmedia&parent=481"}],"curies":[{"name":"wp","href":"https:\/\/api.w.org\/{rel}","templated":true}]}}