{"id":576,"date":"2016-05-16T19:43:00","date_gmt":"2016-05-16T16:43:00","guid":{"rendered":"http:\/\/rasti-hyry.net\/wordpress\/?page_id=576"},"modified":"2016-06-12T18:18:22","modified_gmt":"2016-06-12T15:18:22","slug":"am-keskimatka-12-6-2016","status":"publish","type":"page","link":"http:\/\/rasti-hyry.net\/wordpress\/?page_id=576","title":{"rendered":"Am-keskimatka 12.6.2016"},"content":{"rendered":"<p><a href=\"http:\/\/rasti-hyry.net\/wordpress\/?page_id=581\">Kilpailukutsu<\/a><\/p>\n<p><a href=\"http:\/\/rasti-hyry.net\/wordpress\/wp-content\/uploads\/2016\/06\/Kilpailuohjeet.pdf\">Kilpailuohjeet<\/a><\/p>\n<p><a href=\"http:\/\/rasti-hyry.net\/wordpress\/wp-content\/uploads\/2016\/06\/L\u00e4ht\u00f6ajat.pdf\">L\u00e4ht\u00f6ajat<\/a><\/p>\n<p><a href=\"http:\/\/rasti-hyry.net\/wordpress\/wp-content\/uploads\/2016\/06\/tulokset.html\">tulokset<\/a><\/p>\n<p><a href=\"http:\/\/rasti-hyry.net\/wordpress\/wp-content\/uploads\/2016\/06\/v\u00e4liajat.html\">v\u00e4liajat<\/a><\/p>\n","protected":false},"excerpt":{"rendered":"<p>Kilpailukutsu Kilpailuohjeet L\u00e4ht\u00f6ajat tulokset v\u00e4liajat<\/p>\n","protected":false},"author":1,"featured_media":0,"parent":14,"menu_order":0,"comment_status":"closed","ping_status":"closed","template":"","meta":{"footnotes":""},"class_list":["post-576","page","type-page","status-publish","hentry"],"_links":{"self":[{"href":"http:\/\/rasti-hyry.net\/wordpress\/index.php?rest_route=\/wp\/v2\/pages\/576","targetHints":{"allow":["GET"]}}],"collection":[{"href":"http:\/\/rasti-hyry.net\/wordpress\/index.php?rest_route=\/wp\/v2\/pages"}],"about":[{"href":"http:\/\/rasti-hyry.net\/wordpress\/index.php?rest_route=\/wp\/v2\/types\/page"}],"author":[{"embeddable":true,"href":"http:\/\/rasti-hyry.net\/wordpress\/index.php?rest_route=\/wp\/v2\/users\/1"}],"replies":[{"embeddable":true,"href":"http:\/\/rasti-hyry.net\/wordpress\/index.php?rest_route=%2Fwp%2Fv2%2Fcomments&post=576"}],"version-history":[{"count":7,"href":"http:\/\/rasti-hyry.net\/wordpress\/index.php?rest_route=\/wp\/v2\/pages\/576\/revisions"}],"predecessor-version":[{"id":615,"href":"http:\/\/rasti-hyry.net\/wordpress\/index.php?rest_route=\/wp\/v2\/pages\/576\/revisions\/615"}],"up":[{"embeddable":true,"href":"http:\/\/rasti-hyry.net\/wordpress\/index.php?rest_route=\/wp\/v2\/pages\/14"}],"wp:attachment":[{"href":"http:\/\/rasti-hyry.net\/wordpress\/index.php?rest_route=%2Fwp%2Fv2%2Fmedia&parent=576"}],"curies":[{"name":"wp","href":"https:\/\/api.w.org\/{rel}","templated":true}]}}