{"id":581,"date":"2016-05-16T20:01:15","date_gmt":"2016-05-16T17:01:15","guid":{"rendered":"http:\/\/rasti-hyry.net\/wordpress\/?page_id=581"},"modified":"2016-06-07T17:04:03","modified_gmt":"2016-06-07T14:04:03","slug":"kilpailukutsu","status":"publish","type":"page","link":"http:\/\/rasti-hyry.net\/wordpress\/?page_id=581","title":{"rendered":"Kilpailukutsu"},"content":{"rendered":"<p>KAINUUN AM-KESKIMATKA HYRYNSALMELLA SU 12.6.2016<\/p>\n<p>Sarjat ja maksut: H\/D12-16 10 eur, H\/D18-80 15 eur.<\/p>\n<p>Ilmoittautuminen IRMA-j\u00e4rjestelm\u00e4n kautta ma 6.6. menness\u00e4. J\u00e4lki-ilmoittautuminen (1,5 -kertaisella maksulla) 8.6. klo 21.00 saakka s\u00e4hk\u00f6postilla partanen.juhat(at)gmail.com. S\u00e4hk\u00f6postilla ilmoittautuvien maksut seuran tilille: Rasti-Hyry FI61 1226 3000 1003 39.<\/p>\n<p>Ensimm\u00e4inen l\u00e4ht\u00f6 klo 12.00.<\/p>\n<p>Kilpailukeskuksen sijainti tie nro 5 Hyrynsalmelta Suomussalmen suuntaan n. 5 km, Hietalahden P-alue.<\/p>\n<p>Kaikki toiminnot maasto-olosuhteissa, pesu uimarannalla.<\/p>\n<p>Kartta ja maasto: Konivaara (SM-viesti R2 2002) 1:10 000, p\u00e4ivitetty 5\/2016.<\/p>\n<p>L\u00e4ht\u00f6ajat ja tulokset tulevat osoitteeseen www.rasti-hyry.net.<\/p>\n<p>Kilpailunjohtaja: Juha Partanen, puh. 050 3697336, partanen.juhat(at)gmail.com.<br \/>\nRatamestari: Timo Partanen.<br \/>\nL\u00e4ht\u00f6p\u00e4\u00e4llikk\u00f6: Esa Romppainen.<\/p>\n<p>Tervetuloa Jukola-viimeistelyyn Hyrynsalmelle!<br \/>\nRasti-Hyry<\/p>\n","protected":false},"excerpt":{"rendered":"<p>KAINUUN AM-KESKIMATKA HYRYNSALMELLA SU 12.6.2016 Sarjat ja maksut: H\/D12-16 10 eur, H\/D18-80 15 eur. Ilmoittautuminen IRMA-j\u00e4rjestelm\u00e4n kautta ma 6.6. menness\u00e4. J\u00e4lki-ilmoittautuminen (1,5 -kertaisella maksulla) 8.6. klo 21.00 saakka s\u00e4hk\u00f6postilla partanen.juhat(at)gmail.com. S\u00e4hk\u00f6postilla ilmoittautuvien maksut seuran tilille: Rasti-Hyry FI61 1226 3000 1003&hellip; <\/p>\n","protected":false},"author":1,"featured_media":0,"parent":576,"menu_order":0,"comment_status":"closed","ping_status":"closed","template":"","meta":{"footnotes":""},"class_list":["post-581","page","type-page","status-publish","hentry"],"_links":{"self":[{"href":"http:\/\/rasti-hyry.net\/wordpress\/index.php?rest_route=\/wp\/v2\/pages\/581","targetHints":{"allow":["GET"]}}],"collection":[{"href":"http:\/\/rasti-hyry.net\/wordpress\/index.php?rest_route=\/wp\/v2\/pages"}],"about":[{"href":"http:\/\/rasti-hyry.net\/wordpress\/index.php?rest_route=\/wp\/v2\/types\/page"}],"author":[{"embeddable":true,"href":"http:\/\/rasti-hyry.net\/wordpress\/index.php?rest_route=\/wp\/v2\/users\/1"}],"replies":[{"embeddable":true,"href":"http:\/\/rasti-hyry.net\/wordpress\/index.php?rest_route=%2Fwp%2Fv2%2Fcomments&post=581"}],"version-history":[{"count":6,"href":"http:\/\/rasti-hyry.net\/wordpress\/index.php?rest_route=\/wp\/v2\/pages\/581\/revisions"}],"predecessor-version":[{"id":602,"href":"http:\/\/rasti-hyry.net\/wordpress\/index.php?rest_route=\/wp\/v2\/pages\/581\/revisions\/602"}],"up":[{"embeddable":true,"href":"http:\/\/rasti-hyry.net\/wordpress\/index.php?rest_route=\/wp\/v2\/pages\/576"}],"wp:attachment":[{"href":"http:\/\/rasti-hyry.net\/wordpress\/index.php?rest_route=%2Fwp%2Fv2%2Fmedia&parent=581"}],"curies":[{"name":"wp","href":"https:\/\/api.w.org\/{rel}","templated":true}]}}