{"id":777,"date":"2018-04-30T09:56:48","date_gmt":"2018-04-30T06:56:48","guid":{"rendered":"http:\/\/rasti-hyry.net\/wordpress\/?page_id=777"},"modified":"2018-04-30T09:56:48","modified_gmt":"2018-04-30T06:56:48","slug":"kilpailukutsu-2018","status":"publish","type":"page","link":"http:\/\/rasti-hyry.net\/wordpress\/?page_id=777","title":{"rendered":"Kilpailukutsu 2018"},"content":{"rendered":"<p><strong>KAINUUN AM-KESKIMATKA HYRYNSALMELLA SU 10.6.2018<\/strong><\/p>\n<p>Sarjat ja maksut: H\/D12-16 10 eur, H\/D18-85 15 eur.<\/p>\n<p>Ilmoittautuminen IRMA-j\u00e4rjestelm\u00e4n kautta 3.6. menness\u00e4. J\u00e4lki-ilmoittautuminen (1,5 -kertaisella maksulla) 5.6. saakka.<\/p>\n<p>Ensimm\u00e4inen l\u00e4ht\u00f6 klo 12.00.<\/p>\n<p>Samassa yhteydess\u00e4 kuntorastit alkaen klo 14.00.<\/p>\n<p>Opastus Hyrynsalmen keskustassa Hyryntien ja tien 8890 risteyksess\u00e4, josta ajoaika 5 min. Kilpailukeskus Multit\u00f6rm\u00e4n ampumarata.<\/p>\n<p>Kaikki toiminnot maasto-olosuhteissa, pesu joen rannassa.<\/p>\n<p>Kartta 1:10 000, 9\/2017.<\/p>\n<p>Maasto eritt\u00e4in hyv\u00e4kulkuinen ja nopea kangasmaasto, korkeusero noin 45 m.<\/p>\n<p>L\u00e4ht\u00f6ajat ja tulokset tulevat osoitteeseen www.rasti-hyry.net.<\/p>\n<p>Kilpailunjohtaja: Juha Partanen, puh. 050 3697336, partanen.juhat(at)gmail.com.<br \/>\nRatamestari: Timo Partanen.<br \/>\nL\u00e4ht\u00f6p\u00e4\u00e4llikk\u00f6: Esa Romppainen.<br \/>\nTulospalvelu: Eero Juntunen, eerojunt(at)gmail.com.<\/p>\n<p>Tervetuloa Jukola-viimeistelyyn Hyrynsalmelle!<br \/>\nRasti-Hyry<\/p>\n","protected":false},"excerpt":{"rendered":"<p>KAINUUN AM-KESKIMATKA HYRYNSALMELLA SU 10.6.2018 Sarjat ja maksut: H\/D12-16 10 eur, H\/D18-85 15 eur. Ilmoittautuminen IRMA-j\u00e4rjestelm\u00e4n kautta 3.6. menness\u00e4. J\u00e4lki-ilmoittautuminen (1,5 -kertaisella maksulla) 5.6. saakka. Ensimm\u00e4inen l\u00e4ht\u00f6 klo 12.00. Samassa yhteydess\u00e4 kuntorastit alkaen klo 14.00. Opastus Hyrynsalmen keskustassa Hyryntien ja&hellip; <\/p>\n","protected":false},"author":1,"featured_media":0,"parent":0,"menu_order":0,"comment_status":"closed","ping_status":"closed","template":"","meta":{"footnotes":""},"class_list":["post-777","page","type-page","status-publish","hentry"],"_links":{"self":[{"href":"http:\/\/rasti-hyry.net\/wordpress\/index.php?rest_route=\/wp\/v2\/pages\/777","targetHints":{"allow":["GET"]}}],"collection":[{"href":"http:\/\/rasti-hyry.net\/wordpress\/index.php?rest_route=\/wp\/v2\/pages"}],"about":[{"href":"http:\/\/rasti-hyry.net\/wordpress\/index.php?rest_route=\/wp\/v2\/types\/page"}],"author":[{"embeddable":true,"href":"http:\/\/rasti-hyry.net\/wordpress\/index.php?rest_route=\/wp\/v2\/users\/1"}],"replies":[{"embeddable":true,"href":"http:\/\/rasti-hyry.net\/wordpress\/index.php?rest_route=%2Fwp%2Fv2%2Fcomments&post=777"}],"version-history":[{"count":1,"href":"http:\/\/rasti-hyry.net\/wordpress\/index.php?rest_route=\/wp\/v2\/pages\/777\/revisions"}],"predecessor-version":[{"id":778,"href":"http:\/\/rasti-hyry.net\/wordpress\/index.php?rest_route=\/wp\/v2\/pages\/777\/revisions\/778"}],"wp:attachment":[{"href":"http:\/\/rasti-hyry.net\/wordpress\/index.php?rest_route=%2Fwp%2Fv2%2Fmedia&parent=777"}],"curies":[{"name":"wp","href":"https:\/\/api.w.org\/{rel}","templated":true}]}}