{"id":8,"date":"2014-07-03T05:50:44","date_gmt":"2014-07-03T05:50:44","guid":{"rendered":"http:\/\/rasti-hyry.net\/wordpress\/?page_id=8"},"modified":"2014-07-03T06:54:30","modified_gmt":"2014-07-03T06:54:30","slug":"historia","status":"publish","type":"page","link":"http:\/\/rasti-hyry.net\/wordpress\/?page_id=8","title":{"rendered":"Historia"},"content":{"rendered":"<h2 class=\"art-PostHeaderIcon-wrapper\" style=\"color: #415e22;\"><span class=\"art-PostHeader\">Rasti-Hyry &#8211; kainuulainen suunnistusseura<\/span><\/h2>\n<div class=\"art-PostContent\" style=\"color: #3a453b;\">\n<div class=\"art-article\">\n<p><strong><span class=\"korostus\">Taustaa<\/span><br \/>\n<\/strong><\/p>\n<p>Hyrynsalmen suunnistuksen ensitaipaleet otettiin 1930-luvulla suojeluskuntien parissa. Vasta 1960-luvun lopulla alkoi toinen tuleminen, kun pit\u00e4j\u00e4\u00e4n valmistui uusi peruskartta. Hyrynsalmen Iskun piiriss\u00e4 lajia harrastettiin hiihtojaoston yhteydess\u00e4, kunnes vuonna 1971 suunnistus erosi omaksi jaostokseen.<\/p>\n<p>Vieno Haukka kirjoitti vuotta my\u00f6hemmin Kainuun Sanomissa: \u201dHyrynsalmella l\u00e4hdettiin oikeasta p\u00e4\u00e4st\u00e4 liikkeelle. Ensin koulutettiin ratamestarit ja kouluttajat, vasta sitten aloitettiin nuorten vet\u00e4minen.\u201d Suunnitelmallinen toiminta tuotti tulosta: jo vuonna 1973 seura saavutti valioluokan &#8211; yhten\u00e4 Suomen 28:sta valioseurasta. Saavutus oli nuorten ansiota &#8211; mukana olivat jo silloin Esko Heikkinen, Eero Juntunen, Timo ja Juha Partanen, Veli-Matti L\u00e4hdesm\u00e4ki ja Juha-Pekka Ker\u00e4nen. Vuonna 1977 omat juniorit olivat varttuneet ja osallistuimme ensimm\u00e4ist\u00e4 kertaa Jukolan Viestiin. Sijoituksemme oli 224 yli 500 joukkueen joukossa.<\/p>\n<p>1970-luvun lopussa tehtiin Hyrynsalmen ensimm\u00e4inen suunnistuksen erikoiskartta. Jo 1970-luvun puoliv\u00e4liss\u00e4 toimintakertomuksessa todetaan: \u201dSuunnistuksen resurssit yleisseuran jaostona alkavat olla rajoitetut. T\u00e4m\u00e4n korkeammalle emme p\u00e4\u00e4se, jos lajiin ei satsata enemp\u00e4\u00e4.\u201d Kun saman aikaisesti Suomessa oli meneill\u00e4\u00e4n erikoisseurojen perustamisbuumi, niin Hyrynsalmellakin ajatus omasta seurasta kypsyi hiljalleen. 26.11.1983 allekirjoitettiin Rasti-Hyryn perustamissopimus. Allekirjoittajat olivat Seppo T\u00e4hk\u00e4p\u00e4\u00e4, Eero Juntunen ja Anneli M\u00e4kel\u00e4inen.<\/p>\n<p><span class=\"korostus\"><strong>Rasti-Hyryn ensimm\u00e4inen vuosikymmen oli vauhdikas<\/strong>\u00a0<\/span><\/p>\n<p>Ensimm\u00e4isen johtokunnan kokoonpano oli Seppo T\u00e4hk\u00e4p\u00e4\u00e4 puheenjohtaja, Eero Juntunen sihteeri, Lasse Haikola rahastonhoitaja, Matti Raatikainen kilpailutoiminta, Lauri Romppainen kuntosuunnistus, Timo Partanen koulutus- ja valmennus sek\u00e4 Anneli M\u00e4kel\u00e4inen oravapolkutoiminta.<\/p>\n<p>Seuran kartoitustoiminta oli p\u00e4\u00e4asiassa Ari Parnelan luotettavissa k\u00e4siss\u00e4. Opetuskartat olivat Seppo T\u00e4hk\u00e4p\u00e4\u00e4n k\u00e4sialaa. Karttojen puhtaaksi piirt\u00e4misest\u00e4 vastasi alkuvuosina Jukka Mikkonen.<\/p>\n<p>Heti ensimm\u00e4inen toimintavuosi oli tapahtumarikas: j\u00e4rjestettiin laturetki\u00e4, ker\u00e4ttiin paperia ja romua, tehtiin aurausviittoja, pidettiin valmennustilaisuuksia, harjoiteltiin ja kilpailtiin sek\u00e4 julkaistiin omaa lehte\u00e4. Kes\u00e4n aikana j\u00e4rjestettiin kuntosuunnistuksia 16 ja niill\u00e4 oli yhteens\u00e4 336 osanottajaa. Kansallisissa ja suuremmissa kilpailuissa tehtiin yli 400 suoritusta. Koulutettiin kartantekij\u00f6it\u00e4, ratamestareita ja oravapolkuohjaajia. Vuoden aikana valmistettiin 2 opetuskarttaa ja Vuoriniemen kilpailukartta. Seuraavaksi vuodeksi oli valmiina kahden kartan maastoty\u00f6t.<\/p>\n<p>Kilpailumenestyst\u00e4kin tuli, piirinmestaruuksia voitettiin yli kaksikymment\u00e4 ja kaikkiaan l\u00e4hes seitsem\u00e4nkymment\u00e4 pm-mitalia. Pohjois-Suomen mestaruuksia tuli seuraan kolme &#8211; kaikki nuorten 11 \u2013 14 -vuotiaitten tuomina. Kilpailuj\u00e4rjestelyist\u00e4 vaativimmat olivat Rastiviikon yhteydess\u00e4 j\u00e4rjestetty Tommi-viesti ja Kainuun piirin p\u00e4iv\u00e4suunnistuksen mestaruuskilpailut. Sattuipa t\u00e4lle vuodelle seuran osallistuminen Tiomila-viestiinkin sek\u00e4 mies- ett\u00e4 naisjoukkueilla.<\/p>\n<p>Toisen vuoden vauhti jatkui kovana. Vuoden yll\u00e4tys oli Petteri Niskasen saavuttama kalottimestaruus Altassa! J\u00e4rjestettiin toinen Tommi-viesti, jonka kuuluisimmat osallistujat olivat norjalaishuiput Brit Volden ja \u00d6yvin Thon. Seuran j\u00e4senm\u00e4\u00e4r\u00e4 nousi kahteensataan ja seuralle hankittiin Ford Transit -pienoisbussi.<\/p>\n<p>Kainuun Rastiviikon j\u00e4rjestelyist\u00e4 neuvoteltiin kunnan kanssa jo vuonna 1984, mutta asia ei silloin edennyt alkukeskustelua pitemm\u00e4lle. Kuusi vuotta my\u00f6hemmin oli alustavasti kaavailtu naapuriseurojen kanssa KRV-yhteisty\u00f6t\u00e4, mutta viel\u00e4 silloinkaan suunnitelma ei toteutunut. Vuonna 1987 solmittiin Rasti-Hyryn ja KOP:n v\u00e4linen 3-vuotinen yhteisty\u00f6sopimus. Allekirjoitustilaisuuteen osallistui my\u00f6s silloinen aluejohtaja Jarmo Korhonen.<\/p>\n<p>Lainaus seuran lehdest\u00e4 1988: \u201dRasti-Hyry on viisivuotisen toimintansa aikana asettanut tavoitteet varsin korkealle: osa tavoitteista on toteutunut &#8211; osa ei. Seuran kilpailumenestyksest\u00e4 mainittakoon saavutetut 3 SM-kilpailujen pistesijaa, 64 PSM-kilpailujen mitalisijaa ja piirinmestaruusmitalien m\u00e4\u00e4r\u00e4: 323. Piirin mestaruuksia on viiden vuoden aikana saavutettu 140. Parhaista viestisaavutuksista on mainittava kaksi Kalevan Rastiviestin B-sarjan voittoa.\u201d<\/p>\n<p>Vuonna 1990 puheenjohtaja vaihtui ja Kalle Liimatta astui seuran ruoriin. Samana vuonna oli ensimm\u00e4isen SM-menestyksen vuoro, sill\u00e4 omat juniorit olivat kasvaneet jo p\u00e4\u00e4sarjaan, jossa nelikko Juha Ker\u00e4nen, Timo Partanen, Esa Romppainen ja Petteri Niskanen saavutti pronssimitalin H21-sarjan viestisuunnistuksessa.<\/p>\n<\/div>\n<\/div>\n","protected":false},"excerpt":{"rendered":"<p>Rasti-Hyry &#8211; kainuulainen suunnistusseura Taustaa Hyrynsalmen suunnistuksen ensitaipaleet otettiin 1930-luvulla suojeluskuntien parissa. Vasta 1960-luvun lopulla alkoi toinen tuleminen, kun pit\u00e4j\u00e4\u00e4n valmistui uusi peruskartta. Hyrynsalmen Iskun piiriss\u00e4 lajia harrastettiin hiihtojaoston yhteydess\u00e4, kunnes vuonna 1971 suunnistus erosi omaksi jaostokseen. Vieno Haukka kirjoitti&hellip; <\/p>\n","protected":false},"author":1,"featured_media":0,"parent":0,"menu_order":2,"comment_status":"closed","ping_status":"closed","template":"","meta":{"footnotes":""},"class_list":["post-8","page","type-page","status-publish","hentry"],"_links":{"self":[{"href":"http:\/\/rasti-hyry.net\/wordpress\/index.php?rest_route=\/wp\/v2\/pages\/8","targetHints":{"allow":["GET"]}}],"collection":[{"href":"http:\/\/rasti-hyry.net\/wordpress\/index.php?rest_route=\/wp\/v2\/pages"}],"about":[{"href":"http:\/\/rasti-hyry.net\/wordpress\/index.php?rest_route=\/wp\/v2\/types\/page"}],"author":[{"embeddable":true,"href":"http:\/\/rasti-hyry.net\/wordpress\/index.php?rest_route=\/wp\/v2\/users\/1"}],"replies":[{"embeddable":true,"href":"http:\/\/rasti-hyry.net\/wordpress\/index.php?rest_route=%2Fwp%2Fv2%2Fcomments&post=8"}],"version-history":[{"count":2,"href":"http:\/\/rasti-hyry.net\/wordpress\/index.php?rest_route=\/wp\/v2\/pages\/8\/revisions"}],"predecessor-version":[{"id":90,"href":"http:\/\/rasti-hyry.net\/wordpress\/index.php?rest_route=\/wp\/v2\/pages\/8\/revisions\/90"}],"wp:attachment":[{"href":"http:\/\/rasti-hyry.net\/wordpress\/index.php?rest_route=%2Fwp%2Fv2%2Fmedia&parent=8"}],"curies":[{"name":"wp","href":"https:\/\/api.w.org\/{rel}","templated":true}]}}